{"id":103,"date":"2020-03-03T17:32:39","date_gmt":"2020-03-03T17:32:39","guid":{"rendered":"http:\/\/psicologia.maz.uasnet.mx\/?page_id=103"},"modified":"2023-09-26T17:54:20","modified_gmt":"2023-09-27T00:54:20","slug":"direccion","status":"publish","type":"page","link":"https:\/\/psicologia.maz.uas.edu.mx\/index.php\/direccion\/","title":{"rendered":"Direcci\u00f3n"},"content":{"rendered":"\r\n<p align=\"justify\"><img loading=\"lazy\" decoding=\"async\" class=\"alignnone  wp-image-1721 aligncenter\" src=\"https:\/\/psicologia.maz.uas.edu.mx\/wp-content\/uploads\/2023\/09\/marisol.jpg\" alt=\"\" width=\"354\" height=\"464\" srcset=\"https:\/\/psicologia.maz.uas.edu.mx\/wp-content\/uploads\/2023\/09\/marisol.jpg 526w, https:\/\/psicologia.maz.uas.edu.mx\/wp-content\/uploads\/2023\/09\/marisol-229x300.jpg 229w\" sizes=\"auto, (max-width: 354px) 100vw, 354px\" \/><\/p>\r\n<h2 style=\"text-align: center;\"><span class=\"x193iq5w xeuugli x13faqbe x1vvkbs x1xmvt09 x1lliihq x1s928wv xhkezso x1gmr53x x1cpjm7i x1fgarty x1943h6x xudqn12 x3x7a5m x6prxxf xvq8zen xo1l8bm xzsf02u x1yc453h\" dir=\"auto\">M.C. Marisol Reyes Portillo, directora Facultad de Psicolog\u00eda Mazatl\u00e1n<\/span><\/h2>\r\n<hr \/><hr \/>\r\n<blockquote>\r\n<p align=\"justify\">La Directora de Facultad de Psicolog\u00eda Mazatl\u00e1n es el encargado de dirigir, organizar, coordinar y controlar el desarrollo de las funciones de docencia, investigaci\u00f3n y extensi\u00f3n que coadyuven al cumplimiento del objeto y fines que tiene asignados la FPM.<\/p>\r\n<\/blockquote>\r\n","protected":false},"excerpt":{"rendered":"<p>M.C. Marisol Reyes Portillo, directora Facultad de Psicolog\u00eda Mazatl\u00e1n La Directora de Facultad de Psicolog\u00eda Mazatl\u00e1n es el encargado de dirigir, organizar, coordinar y controlar el desarrollo de las funciones de docencia, investigaci\u00f3n y extensi\u00f3n que coadyuven al cumplimiento del objeto y fines que tiene asignados la FPM.<\/p>\n","protected":false},"author":1,"featured_media":0,"parent":0,"menu_order":0,"comment_status":"closed","ping_status":"closed","template":"","meta":{"ngg_post_thumbnail":0,"footnotes":""},"class_list":["post-103","page","type-page","status-publish","hentry"],"rttpg_featured_image_url":null,"rttpg_author":{"display_name":"Hugo Malcampo Bernal","author_link":"https:\/\/psicologia.maz.uas.edu.mx\/index.php\/author\/admin\/"},"rttpg_comment":0,"rttpg_category":null,"rttpg_excerpt":"M.C. Marisol Reyes Portillo, directora Facultad de Psicolog\u00eda Mazatl\u00e1n La Directora de Facultad de Psicolog\u00eda Mazatl\u00e1n es el encargado de dirigir, organizar, coordinar y controlar el desarrollo de las funciones de docencia, investigaci\u00f3n y extensi\u00f3n que coadyuven al cumplimiento del objeto y fines que tiene asignados la FPM.","_links":{"self":[{"href":"https:\/\/psicologia.maz.uas.edu.mx\/index.php\/wp-json\/wp\/v2\/pages\/103","targetHints":{"allow":["GET"]}}],"collection":[{"href":"https:\/\/psicologia.maz.uas.edu.mx\/index.php\/wp-json\/wp\/v2\/pages"}],"about":[{"href":"https:\/\/psicologia.maz.uas.edu.mx\/index.php\/wp-json\/wp\/v2\/types\/page"}],"author":[{"embeddable":true,"href":"https:\/\/psicologia.maz.uas.edu.mx\/index.php\/wp-json\/wp\/v2\/users\/1"}],"replies":[{"embeddable":true,"href":"https:\/\/psicologia.maz.uas.edu.mx\/index.php\/wp-json\/wp\/v2\/comments?post=103"}],"version-history":[{"count":4,"href":"https:\/\/psicologia.maz.uas.edu.mx\/index.php\/wp-json\/wp\/v2\/pages\/103\/revisions"}],"predecessor-version":[{"id":1718,"href":"https:\/\/psicologia.maz.uas.edu.mx\/index.php\/wp-json\/wp\/v2\/pages\/103\/revisions\/1718"}],"wp:attachment":[{"href":"https:\/\/psicologia.maz.uas.edu.mx\/index.php\/wp-json\/wp\/v2\/media?parent=103"}],"curies":[{"name":"wp","href":"https:\/\/api.w.org\/{rel}","templated":true}]}}