{"id":11,"date":"2020-02-27T18:31:57","date_gmt":"2020-02-27T18:31:57","guid":{"rendered":"http:\/\/psicologia.maz.uasnet.mx\/?page_id=11"},"modified":"2020-08-20T15:37:54","modified_gmt":"2020-08-20T15:37:54","slug":"servicio-social","status":"publish","type":"page","link":"https:\/\/psicologia.maz.uas.edu.mx\/index.php\/servicio-social\/","title":{"rendered":"Servicio Social"},"content":{"rendered":"\r\n<blockquote><hr \/>\r\n<p style=\"text-align: justify;\">Es una actividad eminentemente formativa y de servicio, es decir, por un lado afirma y ampl\u00eda la informaci\u00f3n acad\u00e9mica del estudiante y adem\u00e1s permite fomentar en \u00e9l una conciencia de solidaridad con la sociedad.<\/p>\r\n\r\n\r\n\r\n<p style=\"text-align: justify;\">El Servicio Social es una estrategia educativa en su m\u00e1s amplio sentido, es una pr\u00e1ctica integral comprometida con la sociedad que permite consolidar la formaci\u00f3n y es tambi\u00e9n es un factor estrat\u00e9gico en la tarea de impulsar el desarrollo municipal, estatal, regional y\u00a0 nacional; as\u00ed como para mejorar los mecanismos que conducen a disminuir las desigualdades sociales propiciando mayores oportunidades para un desarrollo individual y comunitario.<\/p>\r\n<\/blockquote>\r\n","protected":false},"excerpt":{"rendered":"<p>Es una actividad eminentemente formativa y de servicio, es decir, por un lado afirma y ampl\u00eda la informaci\u00f3n acad\u00e9mica del estudiante y adem\u00e1s permite fomentar en \u00e9l una conciencia de solidaridad con la sociedad. El Servicio Social es una estrategia educativa en su m\u00e1s amplio sentido, es una pr\u00e1ctica integral comprometida con la sociedad que [&hellip;]<\/p>\n","protected":false},"author":1,"featured_media":0,"parent":0,"menu_order":0,"comment_status":"closed","ping_status":"closed","template":"","meta":{"ngg_post_thumbnail":0,"footnotes":""},"class_list":["post-11","page","type-page","status-publish","hentry"],"rttpg_featured_image_url":null,"rttpg_author":{"display_name":"Hugo Malcampo Bernal","author_link":"https:\/\/psicologia.maz.uas.edu.mx\/index.php\/author\/admin\/"},"rttpg_comment":0,"rttpg_category":null,"rttpg_excerpt":"Es una actividad eminentemente formativa y de servicio, es decir, por un lado afirma y ampl\u00eda la informaci\u00f3n acad\u00e9mica del estudiante y adem\u00e1s permite fomentar en \u00e9l una conciencia de solidaridad con la sociedad. El Servicio Social es una estrategia educativa en su m\u00e1s amplio sentido, es una pr\u00e1ctica integral comprometida con la sociedad que&hellip;","_links":{"self":[{"href":"https:\/\/psicologia.maz.uas.edu.mx\/index.php\/wp-json\/wp\/v2\/pages\/11","targetHints":{"allow":["GET"]}}],"collection":[{"href":"https:\/\/psicologia.maz.uas.edu.mx\/index.php\/wp-json\/wp\/v2\/pages"}],"about":[{"href":"https:\/\/psicologia.maz.uas.edu.mx\/index.php\/wp-json\/wp\/v2\/types\/page"}],"author":[{"embeddable":true,"href":"https:\/\/psicologia.maz.uas.edu.mx\/index.php\/wp-json\/wp\/v2\/users\/1"}],"replies":[{"embeddable":true,"href":"https:\/\/psicologia.maz.uas.edu.mx\/index.php\/wp-json\/wp\/v2\/comments?post=11"}],"version-history":[{"count":0,"href":"https:\/\/psicologia.maz.uas.edu.mx\/index.php\/wp-json\/wp\/v2\/pages\/11\/revisions"}],"wp:attachment":[{"href":"https:\/\/psicologia.maz.uas.edu.mx\/index.php\/wp-json\/wp\/v2\/media?parent=11"}],"curies":[{"name":"wp","href":"https:\/\/api.w.org\/{rel}","templated":true}]}}