{"id":13,"date":"2020-02-27T18:32:52","date_gmt":"2020-02-27T18:32:52","guid":{"rendered":"http:\/\/psicologia.maz.uasnet.mx\/?page_id=13"},"modified":"2020-08-20T15:37:00","modified_gmt":"2020-08-20T15:37:00","slug":"tutorias","status":"publish","type":"page","link":"https:\/\/psicologia.maz.uas.edu.mx\/index.php\/tutorias\/","title":{"rendered":"Tutor\u00edas"},"content":{"rendered":"\r\n<p><strong><em><img loading=\"lazy\" decoding=\"async\" class=\"alignleft  wp-image-712\" src=\"http:\/\/psicologia.maz.uasnet.mx\/wp-content\/uploads\/2020\/08\/tutorias.png\" alt=\"\" width=\"134\" height=\"139\" srcset=\"https:\/\/psicologia.maz.uas.edu.mx\/wp-content\/uploads\/2020\/08\/tutorias.png 496w, https:\/\/psicologia.maz.uas.edu.mx\/wp-content\/uploads\/2020\/08\/tutorias-291x300.png 291w\" sizes=\"auto, (max-width: 134px) 100vw, 134px\" \/><\/em><\/strong><\/p>\r\n<p>&nbsp;<\/p>\r\n<p>&nbsp;<\/p>\r\n<p>&nbsp;<\/p>\r\n<p>&nbsp;<\/p>\r\n<hr \/>\r\n<p><strong><em>Departamento de Tutor\u00edas <\/em><\/strong><\/p>\r\n\r\n\r\n\r\n<p>Es el \u00e1rea encargada de coordinar y facilitar el desarrollo del Programa de Acci\u00f3n Tutorial de la Unidad Acad\u00e9mica,\u00a0 por medio del cual se implementan estrategias para atender problemas en el proceso de ense\u00f1anza aprendizaje, implementando actividades de atenci\u00f3n, acompa\u00f1amiento y orientaci\u00f3n para fortalecer la formaci\u00f3n integral del estudiante, brindando apoyo a lo largo de su trayectoria acad\u00e9mica.<\/p>\r\n\r\n\r\n\r\n<p><strong><em>\u00bfQu\u00e9 es la tutor\u00eda? \u00a0<\/em><\/strong><\/p>\r\n\r\n\r\n\r\n<p>Es un proceso de apoyo y acompa\u00f1amiento del estudiante durante su trayecto en el programa educativo, se deben identificar necesidades y problemas acad\u00e9micos tomando en cuenta el desarrollo personal de los estudiantes. Por lo tanto, el tutor debe contar con una capacitaci\u00f3n acorde a la propuesta del plan de acci\u00f3n tutorial, que le permita utilizar adecuadas estrategias para prevenir y corregir el bajo rendimiento y la reprobaci\u00f3n por medio de actividades de atenci\u00f3n y seguimiento tanto individual como grupal. Para lograr las metas educativas, el programa de tutor\u00eda deber\u00e1 aprovechar los distintos apoyos institucionales, as\u00ed como promover la participaci\u00f3n de los diferentes actores del proceso de ense\u00f1anza y aprendizaje.<br \/>La tutor\u00eda la desarrollan los docentes tutores que son quienes est\u00e1n frente a los estudiantes tutorados y asesores par.<\/p>\r\n","protected":false},"excerpt":{"rendered":"<p>&nbsp; &nbsp; &nbsp; &nbsp; Departamento de Tutor\u00edas Es el \u00e1rea encargada de coordinar y facilitar el desarrollo del Programa de Acci\u00f3n Tutorial de la Unidad Acad\u00e9mica,\u00a0 por medio del cual se implementan estrategias para atender problemas en el proceso de ense\u00f1anza aprendizaje, implementando actividades de atenci\u00f3n, acompa\u00f1amiento y orientaci\u00f3n para fortalecer la formaci\u00f3n integral del [&hellip;]<\/p>\n","protected":false},"author":1,"featured_media":0,"parent":0,"menu_order":0,"comment_status":"closed","ping_status":"closed","template":"","meta":{"ngg_post_thumbnail":0,"footnotes":""},"class_list":["post-13","page","type-page","status-publish","hentry"],"rttpg_featured_image_url":null,"rttpg_author":{"display_name":"Hugo Malcampo Bernal","author_link":"https:\/\/psicologia.maz.uas.edu.mx\/index.php\/author\/admin\/"},"rttpg_comment":0,"rttpg_category":null,"rttpg_excerpt":"&nbsp; &nbsp; &nbsp; &nbsp; Departamento de Tutor\u00edas Es el \u00e1rea encargada de coordinar y facilitar el desarrollo del Programa de Acci\u00f3n Tutorial de la Unidad Acad\u00e9mica,\u00a0 por medio del cual se implementan estrategias para atender problemas en el proceso de ense\u00f1anza aprendizaje, implementando actividades de atenci\u00f3n, acompa\u00f1amiento y orientaci\u00f3n para fortalecer la formaci\u00f3n integral del&hellip;","_links":{"self":[{"href":"https:\/\/psicologia.maz.uas.edu.mx\/index.php\/wp-json\/wp\/v2\/pages\/13","targetHints":{"allow":["GET"]}}],"collection":[{"href":"https:\/\/psicologia.maz.uas.edu.mx\/index.php\/wp-json\/wp\/v2\/pages"}],"about":[{"href":"https:\/\/psicologia.maz.uas.edu.mx\/index.php\/wp-json\/wp\/v2\/types\/page"}],"author":[{"embeddable":true,"href":"https:\/\/psicologia.maz.uas.edu.mx\/index.php\/wp-json\/wp\/v2\/users\/1"}],"replies":[{"embeddable":true,"href":"https:\/\/psicologia.maz.uas.edu.mx\/index.php\/wp-json\/wp\/v2\/comments?post=13"}],"version-history":[{"count":0,"href":"https:\/\/psicologia.maz.uas.edu.mx\/index.php\/wp-json\/wp\/v2\/pages\/13\/revisions"}],"wp:attachment":[{"href":"https:\/\/psicologia.maz.uas.edu.mx\/index.php\/wp-json\/wp\/v2\/media?parent=13"}],"curies":[{"name":"wp","href":"https:\/\/api.w.org\/{rel}","templated":true}]}}