{"id":1474,"date":"2022-06-22T11:48:14","date_gmt":"2022-06-22T18:48:14","guid":{"rendered":"http:\/\/psicologia.maz.uasnet.mx\/?page_id=1474"},"modified":"2022-06-23T10:57:12","modified_gmt":"2022-06-23T17:57:12","slug":"listado-de-creditos-extracurriculares","status":"publish","type":"page","link":"https:\/\/psicologia.maz.uas.edu.mx\/index.php\/listado-de-creditos-extracurriculares\/","title":{"rendered":"Listado de cr\u00e9ditos extracurriculares"},"content":{"rendered":"<h1><span class=\"markedContent\"><span dir=\"ltr\" role=\"presentation\"><img loading=\"lazy\" decoding=\"async\" class=\"alignleft size-full wp-image-1496\" src=\"http:\/\/psicologia.maz.uasnet.mx\/wp-content\/uploads\/2022\/06\/creditos.jpg\" alt=\"\" width=\"1366\" height=\"400\" srcset=\"https:\/\/psicologia.maz.uas.edu.mx\/wp-content\/uploads\/2022\/06\/creditos.jpg 1366w, https:\/\/psicologia.maz.uas.edu.mx\/wp-content\/uploads\/2022\/06\/creditos-300x88.jpg 300w, https:\/\/psicologia.maz.uas.edu.mx\/wp-content\/uploads\/2022\/06\/creditos-1024x300.jpg 1024w, https:\/\/psicologia.maz.uas.edu.mx\/wp-content\/uploads\/2022\/06\/creditos-768x225.jpg 768w\" sizes=\"auto, (max-width: 1366px) 100vw, 1366px\" \/><\/span><\/span><\/h1>\n<p>&nbsp;<\/p>\n<hr \/>\n<h2><span id=\"page3R_mcid10\" class=\"markedContent\"><span dir=\"ltr\" role=\"presentation\">ACAD\u00c9MICO<\/span><span dir=\"ltr\" role=\"presentation\">&#8211;<\/span><span dir=\"ltr\" role=\"presentation\">CIENT\u00cdFICAS<\/span><\/span><\/h2>\n<ul>\n<li><span id=\"page3R_mcid11\" class=\"markedContent\"><span dir=\"ltr\" role=\"presentation\">Presentaci\u00f3n de trabajos en congresos nacionales. <strong>3<\/strong><\/span><\/span><\/li>\n<li><span id=\"page3R_mcid12\" class=\"markedContent\"><span dir=\"ltr\" role=\"presentation\">Presentaci\u00f3n de trabajos en congresos internacionales. <strong>4<\/strong><\/span><\/span><\/li>\n<li><span id=\"page3R_mcid13\" class=\"markedContent\"><span dir=\"ltr\" role=\"presentation\">Participaci\u00f3n en concursos de conocimiento nacional. <strong>3<\/strong><\/span><\/span><\/li>\n<li><span id=\"page3R_mcid14\" class=\"markedContent\"><span dir=\"ltr\" role=\"presentation\">Participaci\u00f3n en cursos, talleres, seminarios, congresos avalados por la Facultad. <strong>2<\/strong><\/span><\/span><\/li>\n<li><span id=\"page3R_mcid15\" class=\"markedContent\"><span dir=\"ltr\" role=\"presentation\">Asistencia a veranos de investigaci\u00f3n cient\u00edfica nacional. <strong>3<\/strong><\/span><\/span><\/li>\n<li><span id=\"page3R_mcid16\" class=\"markedContent\"><span dir=\"ltr\" role=\"presentation\">Asistencia a veranos de investigaci\u00f3n cient\u00edfica internacional. <strong>4<\/strong><\/span><\/span><\/li>\n<li><span id=\"page3R_mcid17\" class=\"markedContent\"><span dir=\"ltr\" role=\"presentation\">Participar como Asesor(a) Par <strong>2<\/strong><\/span><\/span><\/li>\n<\/ul>\n<p>&nbsp;<\/p>\n<hr \/>\n<h2><span id=\"page3R_mcid21\" class=\"markedContent\"><span dir=\"ltr\" role=\"presentation\">SOCIO<\/span><span dir=\"ltr\" role=\"presentation\">&#8211;<\/span><span dir=\"ltr\" role=\"presentation\">CULTURALES<\/span><\/span><\/h2>\n<ul>\n<li><span id=\"page3R_mcid22\" class=\"markedContent\"><span dir=\"ltr\" role=\"presentation\">Creaci\u00f3n y difusi\u00f3n de valores mediante actividades sociocultural<\/span><span dir=\"ltr\" role=\"presentation\">es <strong>1<\/strong><\/span><\/span><span id=\"page3R_mcid23\" class=\"markedContent\"><\/span><\/li>\n<li><span id=\"page3R_mcid23\" class=\"markedContent\"><span dir=\"ltr\" role=\"presentation\">Aprender a tocar instrumentos musicales<strong> 1<\/strong><\/span><\/span><span id=\"page3R_mcid24\" class=\"markedContent\"><\/span><\/li>\n<li><span id=\"page3R_mcid24\" class=\"markedContent\"><span dir=\"ltr\" role=\"presentation\">Gesti\u00f3n de jornadas culturales <strong>2<\/strong><\/span><\/span><span id=\"page3R_mcid25\" class=\"markedContent\"><\/span><\/li>\n<li><span id=\"page3R_mcid25\" class=\"markedContent\"><span dir=\"ltr\" role=\"presentation\">Participaci\u00f3n en jornadas a beneficio de la Universidad <strong>2<\/strong><\/span><\/span><\/li>\n<\/ul>\n<p>&nbsp;<\/p>\n<hr \/>\n<h2><span id=\"page3R_mcid28\" class=\"markedContent\"><span dir=\"ltr\" role=\"presentation\">DEPORTIVAS<\/span><\/span><\/h2>\n<ul>\n<li><span id=\"page3R_mcid29\" class=\"markedContent\"><span dir=\"ltr\" role=\"presentation\">Participaci\u00f3n en ligas y torneos deportivos intramuros <strong>1<\/strong><\/span><\/span><\/li>\n<li><span id=\"page3R_mcid30\" class=\"markedContent\"><span dir=\"ltr\" role=\"presentation\">Participaci\u00f3n en competencias lo<\/span><span dir=\"ltr\" role=\"presentation\">cales de car\u00e1cter deportivo.<strong> 1<\/strong><\/span><\/span><\/li>\n<li><span id=\"page3R_mcid31\" class=\"markedContent\"><span dir=\"ltr\" role=\"presentation\">Participaci\u00f3n en competencias nacionales de car\u00e1cter deportivo. <strong>2<\/strong><\/span><\/span><\/li>\n<li><span id=\"page3R_mcid32\" class=\"markedContent\"><span dir=\"ltr\" role=\"presentation\">Participaci\u00f3n en competencias internacionales de car\u00e1cter deportivo. <strong>3<\/strong><\/span><\/span><\/li>\n<li><span id=\"page3R_mcid33\" class=\"markedContent\"><span dir=\"ltr\" role=\"presentation\">Organizaci\u00f3n de actividades deportivas <strong>1<\/strong><\/span><\/span><\/li>\n<li><span id=\"page3R_mcid34\" class=\"markedContent\"><span dir=\"ltr\" role=\"presentation\">Entrenamiento a estudiantes de la Licenciatura en Psicolog\u00eda en alg\u00fan deporte <strong>1<\/strong><\/span><\/span><\/li>\n<\/ul>\n","protected":false},"excerpt":{"rendered":"<p>&nbsp; ACAD\u00c9MICO&#8211;CIENT\u00cdFICAS Presentaci\u00f3n de trabajos en congresos nacionales. 3 Presentaci\u00f3n de trabajos en congresos internacionales. 4 Participaci\u00f3n en concursos de conocimiento nacional. 3 Participaci\u00f3n en cursos, talleres, seminarios, congresos avalados por la Facultad. 2 Asistencia a veranos de investigaci\u00f3n cient\u00edfica nacional. 3 Asistencia a veranos de investigaci\u00f3n cient\u00edfica internacional. 4 Participar como Asesor(a) Par 2 [&hellip;]<\/p>\n","protected":false},"author":1,"featured_media":0,"parent":0,"menu_order":0,"comment_status":"closed","ping_status":"closed","template":"","meta":{"ngg_post_thumbnail":0,"footnotes":""},"class_list":["post-1474","page","type-page","status-publish","hentry"],"rttpg_featured_image_url":null,"rttpg_author":{"display_name":"Hugo Malcampo Bernal","author_link":"https:\/\/psicologia.maz.uas.edu.mx\/index.php\/author\/admin\/"},"rttpg_comment":0,"rttpg_category":null,"rttpg_excerpt":"&nbsp; ACAD\u00c9MICO&#8211;CIENT\u00cdFICAS Presentaci\u00f3n de trabajos en congresos nacionales. 3 Presentaci\u00f3n de trabajos en congresos internacionales. 4 Participaci\u00f3n en concursos de conocimiento nacional. 3 Participaci\u00f3n en cursos, talleres, seminarios, congresos avalados por la Facultad. 2 Asistencia a veranos de investigaci\u00f3n cient\u00edfica nacional. 3 Asistencia a veranos de investigaci\u00f3n cient\u00edfica internacional. 4 Participar como Asesor(a) Par 2&hellip;","_links":{"self":[{"href":"https:\/\/psicologia.maz.uas.edu.mx\/index.php\/wp-json\/wp\/v2\/pages\/1474","targetHints":{"allow":["GET"]}}],"collection":[{"href":"https:\/\/psicologia.maz.uas.edu.mx\/index.php\/wp-json\/wp\/v2\/pages"}],"about":[{"href":"https:\/\/psicologia.maz.uas.edu.mx\/index.php\/wp-json\/wp\/v2\/types\/page"}],"author":[{"embeddable":true,"href":"https:\/\/psicologia.maz.uas.edu.mx\/index.php\/wp-json\/wp\/v2\/users\/1"}],"replies":[{"embeddable":true,"href":"https:\/\/psicologia.maz.uas.edu.mx\/index.php\/wp-json\/wp\/v2\/comments?post=1474"}],"version-history":[{"count":8,"href":"https:\/\/psicologia.maz.uas.edu.mx\/index.php\/wp-json\/wp\/v2\/pages\/1474\/revisions"}],"predecessor-version":[{"id":1497,"href":"https:\/\/psicologia.maz.uas.edu.mx\/index.php\/wp-json\/wp\/v2\/pages\/1474\/revisions\/1497"}],"wp:attachment":[{"href":"https:\/\/psicologia.maz.uas.edu.mx\/index.php\/wp-json\/wp\/v2\/media?parent=1474"}],"curies":[{"name":"wp","href":"https:\/\/api.w.org\/{rel}","templated":true}]}}