{"id":1500,"date":"2022-06-23T11:57:23","date_gmt":"2022-06-23T18:57:23","guid":{"rendered":"http:\/\/psicologia.maz.uasnet.mx\/?page_id=1500"},"modified":"2024-08-26T11:23:08","modified_gmt":"2024-08-26T18:23:08","slug":"diplomado-en-terapia-familiar-sistemica","status":"publish","type":"page","link":"https:\/\/psicologia.maz.uas.edu.mx\/index.php\/diplomado-en-terapia-familiar-sistemica\/","title":{"rendered":"Diplomado en Terapia Familiar Sist\u00e9mica"},"content":{"rendered":"<p><img loading=\"lazy\" decoding=\"async\" class=\"alignnone size-full wp-image-1501\" src=\"https:\/\/psicologia.maz.uas.edu.mx\/wp-content\/uploads\/2022\/06\/diplomada.jpg\" alt=\"\" width=\"1366\" height=\"400\" srcset=\"https:\/\/psicologia.maz.uas.edu.mx\/wp-content\/uploads\/2022\/06\/diplomada.jpg 1366w, https:\/\/psicologia.maz.uas.edu.mx\/wp-content\/uploads\/2022\/06\/diplomada-300x88.jpg 300w, https:\/\/psicologia.maz.uas.edu.mx\/wp-content\/uploads\/2022\/06\/diplomada-1024x300.jpg 1024w, https:\/\/psicologia.maz.uas.edu.mx\/wp-content\/uploads\/2022\/06\/diplomada-768x225.jpg 768w\" sizes=\"auto, (max-width: 1366px) 100vw, 1366px\" \/><\/p>\n<p>&nbsp;<\/p>\n<p><strong>La terapia familiar sist\u00e9mica<\/strong> es un enfoque terap\u00e9utico que, con un enfoque global e integral, estudia los sistemas familiares y sus subsistemas (pareja, individuo, hijos) y otros grupos sociales significativos para <strong>determinar el origen de los conflictos y buscar cambios en las din\u00e1micas <\/strong>de estas relaciones capaces de lograr una soluci\u00f3n.<\/p>\n<p>&nbsp;<\/p>\n<hr>\n<h2>&nbsp;<\/h2>\n<h2>Objetivo General<\/h2>\n<p>El objetivo del programa del Diplomado en Terapia Familiar Sist\u00e9mica es ofertar herramientas fundamentadas en el rengl\u00f3n te\u00f3rico-metodol\u00f3gico enfocado a que los participantes reflexionen acerca del proceso que viven las familias en el momento hist\u00f3rico de la sociedad del siglo XXI y asuman un rol como profesionales de la terapia sist\u00e9mica.<\/p>\n<p>&nbsp;<\/p>\n<hr>\n<h2>M\u00f3dulos<\/h2>\n<ul>\n<li><strong>M\u00f3dulo 1 : <\/strong>Antecedentes de la terapia familiar.<\/li>\n<li><strong>M\u00f3dulo 2: <\/strong>Modelo Estructural<\/li>\n<li><strong>M\u00f3dulo 3: <\/strong>Modelo Estrat\u00e9gico<\/li>\n<li><strong>M\u00f3dulo 4: <\/strong>Modelo de terapia breve centrado en los problemas<\/li>\n<li><strong>M\u00f3dulo 5: <\/strong>Modelo de Mil\u00e1n<\/li>\n<li><strong>M\u00f3dulo 6: <\/strong>Seminario de supervisi\u00f3n de casos<\/li>\n<\/ul>\n<p>&nbsp;<\/p>\n<hr>\n<h2>&nbsp;<\/h2>\n<h2>&nbsp;<\/h2>\n<h2>Duraci\u00f3n<\/h2>\n<ul>\n<li>140 horas de clase<\/li>\n<\/ul>\n<h2>Horario<\/h2>\n<ul>\n<li>Lunes y Mi\u00e9rcoles de 2:00 a 7:20pm<\/li>\n<\/ul>\n<h2>Fecha<\/h2>\n<ul>\n<li>Inicio el Lunes 02 de septiembre del 2024<\/li>\n<\/ul>\n<hr>\n<h2>&nbsp;<\/h2>\n<h2>&nbsp;<\/h2>\n<h2>Coordinadora:<\/h2>\n<p>Dra. Xolyanetzin Montero Pardo<\/p>\n<h3>Contacto<\/h3>\n<ul>\n<li>Mar\u00eda Elena Ceja Rodr\u00edguez<\/li>\n<li>669 941 3484<\/li>\n<\/ul>\n<hr>\n<p>&nbsp;<\/p>\n<p><strong>Cupo m\u00ednimo y m\u00e1ximo:<\/strong> M\u00ednimo 20 personas, m\u00e1ximo 25 personas<\/p>\n<p><strong>Modalidad:<\/strong> Presencial<\/p>\n<p><strong>Sede:<\/strong> Torre Acad\u00e9mica Mazatl\u00e1n<\/p>\n<p>&nbsp;<\/p>\n<hr>\n<p>&nbsp;<\/p>\n<h2>Perfil de egreso<\/h2>\n<p>El egresado del Diplomado en Terapia Familiar Sist\u00e9mica al especializarse en el trabajo terap\u00e9utico con familias podr\u00e1 desempe\u00f1arse en el sector p\u00fablico, privado y social, dentro de las siguientes instituciones u organismos, as\u00ed como de manera independiente.<\/p>\n<p>&nbsp;<\/p>\n<blockquote>\n<h3>Sector P\u00fablico<\/h3>\n<\/blockquote>\n<ul>\n<li>Instituciones de salud p\u00fablica: IMSS, ISSSTE, Hospital General.<\/li>\n<li>En el manejo psicoterap\u00e9utico de estrategias, de acuerdo al modelo empleado en situaciones reales.<\/li>\n<li>Evaluar situaciones conflictivas en contextos familiares<\/li>\n<li>Intervenir en problemas familiares a partir del modelo estructural<\/li>\n<li>Emplear estrategias para favorecer patrones de interacci\u00f3n en parejas bajo el enfoque sist\u00e9mico<\/li>\n<\/ul>\n<blockquote>\n<h3>Sector Privado<\/h3>\n<\/blockquote>\n<ul>\n<li>Consulta privada<\/li>\n<li>Cl\u00ednicas y hospitales privados<\/li>\n<li>Diagnosticar e intervenir bajo la metodolog\u00eda de casos cl\u00ednicos<\/li>\n<li>Evaluar situaciones conflictivas en contextos familiares<\/li>\n<li>Intervenir en problemas familiares a partir del modelo estructural.<\/li>\n<li>Emplear estrategias para favorecer patrones de interacci\u00f3n en parejas bajo el enfoque sist\u00e9mico<\/li>\n<\/ul>\n<blockquote>\n<h3>Sector Social<\/h3>\n<\/blockquote>\n<ul>\n<li>Elaboraci\u00f3n y aplicaci\u00f3n de programas y proyectos de salud comunitaria para apoyar familias disfuncionales<\/li>\n<li>Identificar procesos que ayuden a resolver problemas familiares.<\/li>\n<li>Dise\u00f1o de programas de difusi\u00f3n para solucionar problemas a trav\u00e9s de la intervenci\u00f3n comunitaria<\/li>\n<\/ul>\n<p>&nbsp;<\/p>\n<hr>\n<h2 style=\"text-align: center;\">Este diplomado cuenta como opci\u00f3n de titulaci\u00f3n o cr\u00e9ditos extracurriculares<\/h2>\n<hr>\n<p>&nbsp;<\/p>\n<p><img loading=\"lazy\" decoding=\"async\" class=\" wp-image-1914 aligncenter\" src=\"https:\/\/psicologia.maz.uas.edu.mx\/wp-content\/uploads\/2024\/08\/Diplomado_Terapia_Familiar_7-min-scaled.jpg\" alt=\"\" width=\"692\" height=\"1070\" srcset=\"https:\/\/psicologia.maz.uas.edu.mx\/wp-content\/uploads\/2024\/08\/Diplomado_Terapia_Familiar_7-min-scaled.jpg 1656w, https:\/\/psicologia.maz.uas.edu.mx\/wp-content\/uploads\/2024\/08\/Diplomado_Terapia_Familiar_7-min-194x300.jpg 194w, https:\/\/psicologia.maz.uas.edu.mx\/wp-content\/uploads\/2024\/08\/Diplomado_Terapia_Familiar_7-min-663x1024.jpg 663w, https:\/\/psicologia.maz.uas.edu.mx\/wp-content\/uploads\/2024\/08\/Diplomado_Terapia_Familiar_7-min-768x1187.jpg 768w, https:\/\/psicologia.maz.uas.edu.mx\/wp-content\/uploads\/2024\/08\/Diplomado_Terapia_Familiar_7-min-994x1536.jpg 994w, https:\/\/psicologia.maz.uas.edu.mx\/wp-content\/uploads\/2024\/08\/Diplomado_Terapia_Familiar_7-min-1325x2048.jpg 1325w\" sizes=\"auto, (max-width: 692px) 100vw, 692px\" \/><\/p>\n<p>&nbsp;<\/p>\n","protected":false},"excerpt":{"rendered":"<p>&nbsp; La terapia familiar sist\u00e9mica es un enfoque terap\u00e9utico que, con un enfoque global e integral, estudia los sistemas familiares y sus subsistemas (pareja, individuo, hijos) y otros grupos sociales significativos para determinar el origen de los conflictos y buscar cambios en las din\u00e1micas de estas relaciones capaces de lograr una soluci\u00f3n. &nbsp; &nbsp; Objetivo [&hellip;]<\/p>\n","protected":false},"author":1,"featured_media":0,"parent":0,"menu_order":0,"comment_status":"closed","ping_status":"closed","template":"","meta":{"ngg_post_thumbnail":0,"footnotes":""},"class_list":["post-1500","page","type-page","status-publish","hentry"],"rttpg_featured_image_url":null,"rttpg_author":{"display_name":"Hugo Malcampo Bernal","author_link":"https:\/\/psicologia.maz.uas.edu.mx\/index.php\/author\/admin\/"},"rttpg_comment":0,"rttpg_category":null,"rttpg_excerpt":"&nbsp; La terapia familiar sist\u00e9mica es un enfoque terap\u00e9utico que, con un enfoque global e integral, estudia los sistemas familiares y sus subsistemas (pareja, individuo, hijos) y otros grupos sociales significativos para determinar el origen de los conflictos y buscar cambios en las din\u00e1micas de estas relaciones capaces de lograr una soluci\u00f3n. &nbsp; &nbsp; Objetivo&hellip;","_links":{"self":[{"href":"https:\/\/psicologia.maz.uas.edu.mx\/index.php\/wp-json\/wp\/v2\/pages\/1500","targetHints":{"allow":["GET"]}}],"collection":[{"href":"https:\/\/psicologia.maz.uas.edu.mx\/index.php\/wp-json\/wp\/v2\/pages"}],"about":[{"href":"https:\/\/psicologia.maz.uas.edu.mx\/index.php\/wp-json\/wp\/v2\/types\/page"}],"author":[{"embeddable":true,"href":"https:\/\/psicologia.maz.uas.edu.mx\/index.php\/wp-json\/wp\/v2\/users\/1"}],"replies":[{"embeddable":true,"href":"https:\/\/psicologia.maz.uas.edu.mx\/index.php\/wp-json\/wp\/v2\/comments?post=1500"}],"version-history":[{"count":28,"href":"https:\/\/psicologia.maz.uas.edu.mx\/index.php\/wp-json\/wp\/v2\/pages\/1500\/revisions"}],"predecessor-version":[{"id":1917,"href":"https:\/\/psicologia.maz.uas.edu.mx\/index.php\/wp-json\/wp\/v2\/pages\/1500\/revisions\/1917"}],"wp:attachment":[{"href":"https:\/\/psicologia.maz.uas.edu.mx\/index.php\/wp-json\/wp\/v2\/media?parent=1500"}],"curies":[{"name":"wp","href":"https:\/\/api.w.org\/{rel}","templated":true}]}}