{"id":1531,"date":"2022-06-23T20:21:17","date_gmt":"2022-06-24T03:21:17","guid":{"rendered":"http:\/\/psicologia.maz.uasnet.mx\/?page_id=1531"},"modified":"2024-08-26T11:26:49","modified_gmt":"2024-08-26T18:26:49","slug":"diplomado-en-psicodiagnostico-de-la-ninez","status":"publish","type":"page","link":"https:\/\/psicologia.maz.uas.edu.mx\/index.php\/diplomado-en-psicodiagnostico-de-la-ninez\/","title":{"rendered":"Diplomado en Psicodiagn\u00f3stico de la ni\u00f1ez"},"content":{"rendered":"<p><img loading=\"lazy\" decoding=\"async\" class=\"alignnone size-full wp-image-1538\" src=\"https:\/\/psicologia.maz.uas.edu.mx\/wp-content\/uploads\/2022\/06\/diplomada-1.jpg\" alt=\"\" width=\"1350\" height=\"400\" srcset=\"https:\/\/psicologia.maz.uas.edu.mx\/wp-content\/uploads\/2022\/06\/diplomada-1.jpg 1350w, https:\/\/psicologia.maz.uas.edu.mx\/wp-content\/uploads\/2022\/06\/diplomada-1-300x89.jpg 300w, https:\/\/psicologia.maz.uas.edu.mx\/wp-content\/uploads\/2022\/06\/diplomada-1-1024x303.jpg 1024w, https:\/\/psicologia.maz.uas.edu.mx\/wp-content\/uploads\/2022\/06\/diplomada-1-768x228.jpg 768w\" sizes=\"auto, (max-width: 1350px) 100vw, 1350px\" \/><\/p>\n<p>&nbsp;<\/p>\n<p>&nbsp;<\/p>\n<h2>Objetivo General<\/h2>\n<p>El objetivo del Diplomado en Psicodiagn\u00f3stico en la ni\u00f1ez, es dotar de herramientas al alumno para realizar una evaluaci\u00f3n por \u00e1reas intelectual, perceptomotor, emocional y neuropsicol\u00f3gica. Con el fin de obtener una comprensi\u00f3n integral del paciente. Los participantes aprender\u00e1n a aplicar, calificar, interpretar e integrar instrumentos para evaluar las capacidades, habilidades y rendimiento. Y as\u00ed determinar el diagnostico analizando las implicaciones en la interacci\u00f3n con su entorno.<\/p>\n<p>&nbsp;<\/p>\n<hr>\n<p>&nbsp;<\/p>\n<h2>Dirigido a<\/h2>\n<p>Psic\u00f3logos titulados y estudiantes de la licenciatura en Psicolog\u00eda del \u00faltimo grado.<\/p>\n<p>&nbsp;<\/p>\n<hr>\n<p>&nbsp;<\/p>\n<h2>M\u00f3dulos<\/h2>\n<h3><strong>M\u00f3dulo 1:<\/strong> \u00c9TICA EN EL PSICODIAGN\u00d3STICO. T\u00c9CNICA DE ENTREVISTA Y JUEGO COMO ELEMENTOS ESENCIALES.<\/h3>\n<p><strong>1.1<\/strong> El M\u00e9todo Cl\u00ednico y la Psicolog\u00eda Cl\u00ednica.<br \/>\n<strong>1.1.1<\/strong> Los Principios del M\u00e9todo Cl\u00ednico.<br \/>\n<strong>1.1.2<\/strong> Aproximaciones Te\u00f3ricas, que han contribuido al desarrollo de la Psicolog\u00eda Cl\u00ednica.<\/p>\n<p><strong>2: \u00c9TICA EN EL PSICODIAGN\u00d3STICO INFANTIL.<\/strong><\/p>\n<p><strong>2.1<\/strong> El Proceso Psicodiagn\u00f3stico Infantil.<br \/>\n<strong>2.2<\/strong> Estrategias b\u00e1sicas utilizadas en la exploraci\u00f3n psicol\u00f3gica infantil: La T\u00e9cnica de Entrevista y la T\u00e9cnica De Juego.<br \/>\n<strong>2.2.1<\/strong> Entrevista inicial.<br \/>\n<strong>2.2.2<\/strong> Entrevista con los padres.<br \/>\n<strong>2.2.3<\/strong> Historia Cl\u00ednica y Anamnesis.<br \/>\n<strong>2.2.4<\/strong> Entrevista con el ni\u00f1o.<\/p>\n<p><strong>3: T\u00c9CNICA DE JUEGO FAMILIAR.<\/strong><br \/>\n<strong>3.1<\/strong> Genograma Familiar o Acuario Familiar como t\u00e9cnica de juego.<br \/>\n<strong>3.2<\/strong> Historia con T\u00edteres.<\/p>\n<p>&nbsp;<\/p>\n<h3><strong>M\u00f3dulo 2:<\/strong> EVALUACI\u00d3N DEL ASPECTO COGNITIVO-INTELECTUAL.<\/h3>\n<p><strong>2.1<\/strong> CHIPS Entrevista para s\u00edndromes psiqui\u00e1tricos en ni\u00f1os y adolescentes.<br \/>\n<strong>2.2<\/strong> ESCALA DE WESCHSLER DE INTELIGENCIA PARA LOS NIVELES PREESCOLARES Y PRIMARIOS (WPPSI-III).<br \/>\n<strong>2.2.1<\/strong> Dise\u00f1o con cubos<br \/>\n<strong>2.2.2<\/strong> Informaci\u00f3n<br \/>\n<strong>2.2.3<\/strong> Vocabulario<br \/>\n<strong>2.2.4<\/strong> Pistas<br \/>\n<strong>2.2.5<\/strong> Comprensi\u00f3n<br \/>\n<strong>2.2.6<\/strong> Semejanzas<br \/>\n<strong>2.2.7<\/strong> Vocabulario Receptivo<br \/>\n<strong>2.2.8<\/strong> Denominaciones<br \/>\n<strong>2.2.9<\/strong> Matrices<br \/>\n<strong>2.2.10<\/strong> Concepto de Dibujos<br \/>\n<strong>2.2.11<\/strong> Figuras incompletas<br \/>\n<strong>2.2.12<\/strong> Rompecabezas<br \/>\n<strong>2.2.13<\/strong> B\u00fasqueda de S\u00edmbolos<br \/>\n<strong>2.2.14<\/strong> Claves<\/p>\n<p><strong>2.3 ESCALA DE WESCHLER DE INTELIGENCIA PARA NI\u00d1OS (WISC-IV).<\/strong><\/p>\n<p><strong>2.3.1<\/strong> Dise\u00f1o con cubos<br \/>\n<strong>2.3.2<\/strong> Semejanzas<br \/>\n<strong>2.3.3<\/strong> Retenci\u00f3n de d\u00edgitos<br \/>\n<strong>2.3.4<\/strong> Concepto con dibujos<br \/>\n<strong>2.3.5<\/strong> Claves<br \/>\n<strong>2.3.6<\/strong> Vocabulario<br \/>\n<strong>2.3.7<\/strong> Sucesi\u00f3n de n\u00fameros y letras<br \/>\n<strong>2.3.8<\/strong> Matrices<br \/>\n<strong>2.3.9<\/strong> Comprensi\u00f3n<br \/>\n<strong>2.3.10<\/strong> B\u00fasqueda de s\u00edmbolos<br \/>\n<strong>2.3.11<\/strong> Figuras incompletas<br \/>\n<strong>2.3.12<\/strong> Registros<br \/>\n<strong>2.3.13<\/strong> Informaci\u00f3n<br \/>\n<strong>2.3.14<\/strong> Aritm\u00e9tica<br \/>\n<strong>2.3.15<\/strong> Palabras en contexto (Pistas)<\/p>\n<p>&nbsp;<\/p>\n<h3><strong>M\u00f3dulo 3:<\/strong> EVALUACI\u00d3N DEL ASPECTO PERCEPTOMOTOR.<\/h3>\n<p><strong>3.1<\/strong> CONCEPTOS GENERALES<br \/>\n<strong>3.1.1<\/strong> maduraci\u00f3n y madurez<br \/>\n<strong>3.1.2<\/strong> Aprendizaje<br \/>\n<strong>3.1.3<\/strong> Percepci\u00f3n<br \/>\n<strong>3.1.4<\/strong> Coordinaci\u00f3n visomotriz<br \/>\n<strong>3.1.5<\/strong> Memoria<br \/>\n<strong>3.1.6<\/strong> Atenci\u00f3n<br \/>\n<strong>3.1.7<\/strong> Concepto de n\u00famero<br \/>\n<strong>3.1.8<\/strong> Pensamiento<br \/>\n<strong>3.1.9<\/strong> Formaci\u00f3n de Conceptos<\/p>\n<p><strong>3.2 DESARROLLO DE LA PERCEPCI\u00d3N EN EL NI\u00d1O<\/strong><\/p>\n<p><strong>3.2.1<\/strong> Percepci\u00f3n de la forma<br \/>\n<strong>3.2.2<\/strong> Percepci\u00f3n del espacio<br \/>\n<strong>3.2.3<\/strong> Desarrollo de la psicomotricidad fina<br \/>\n<strong>3.2.4<\/strong> Percepci\u00f3n visomotora<br \/>\n<strong>3.3<\/strong> TEST GEST\u00c1LTICO VISOMOTOR BENDER (KOPPITZ)<br \/>\n<strong>3.3.1<\/strong> Fundamentos te\u00f3ricos<br \/>\n<strong>3.3.2<\/strong> Principios de la Gestalt<br \/>\n<strong>3.3.3<\/strong> Funciones y materiales de la prueba<br \/>\n<strong>3.3.4<\/strong> observaciones durante la ejecuci\u00f3n de la prueba.<br \/>\n<strong>3.3.5<\/strong> Escala de madurez (Koppitz)<br \/>\n<strong>3.3.6<\/strong> Calificaci\u00f3n e interpretaci\u00f3n del Test Gest\u00e1ltico Bender.<\/p>\n<p><strong>3.4 M\u00c9TODO DE EVALUACI\u00d3N DE LA PERCEPCI\u00d3N VISUAL DE FROSTIG DTVP-3.<\/strong><\/p>\n<p><strong>3.4.1<\/strong> coordinaci\u00f3n visomotriz<br \/>\n<strong>3.4.2<\/strong> copia<br \/>\n<strong>3.4.3<\/strong> figura-fondo<br \/>\n<strong>3.4.4<\/strong> cierre visual<br \/>\n<strong>3.4.5<\/strong> constancia de la forma<br \/>\n<strong>3.4.6<\/strong> Calificaci\u00f3n e interpretaci\u00f3n del M\u00e9todo de evaluaci\u00f3n de la percepci\u00f3n visual de Frostig DTVP-3.<br \/>\n<strong>3.4.7<\/strong> Resultados relacionados con las dificultades de aprendizaje.<\/p>\n<h3><strong>M\u00f3dulo 4:<\/strong> EVALUACI\u00d3N DEL ASPECTO EMOCIONAL.<\/h3>\n<p><strong>4<\/strong> Medici\u00f3n y evaluaci\u00f3n de pruebas proyectivas.<br \/>\n<strong>4.1<\/strong> Implicaciones de las T\u00e9cnicas Proyectivas.<br \/>\n<strong>4.2<\/strong> Fundamentos te\u00f3ricos de las Pruebas Proyectivas.<br \/>\n<strong>4.2.1<\/strong> Explicaci\u00f3n de lo subjetivo.<\/p>\n<p>4.3 Clasificaci\u00f3n de las Pruebas Proyectivas.<\/p>\n<p><strong>2. FUNDAMENTOS TE\u00d3RICOS DE LAS GRAFOPROYECTIVAS.<\/strong><\/p>\n<p><strong>2.1<\/strong> Elementos estructurales de las Grafoproyectivas.<br \/>\n<strong>2.2<\/strong> Elementos de contenido de las Grafoproyectivas.<br \/>\n<strong>2.3<\/strong> Criterios de aplicaci\u00f3n y evaluaci\u00f3n (D.F.H., Persona bajo la lluvia y Familia).<br \/>\n<strong>2.4<\/strong> Presentaci\u00f3n de casos cl\u00ednicos.<\/p>\n<p><strong>3. FUNDAMENTOS TE\u00d3RICOS DE LAS TEM\u00c1TICO APERCEPTIVAS.<\/strong><\/p>\n<p><strong>3.1<\/strong> Caracter\u00edsticas generales de la prueba CAT.<br \/>\n<strong>3.2<\/strong> Fundamentos te\u00f3ricos.<br \/>\n<strong>3.3<\/strong> Criterios de aplicaci\u00f3n y evaluaci\u00f3n.<br \/>\n<strong>3.3.1<\/strong> Temas del CAT.<br \/>\n<strong>3.3.2<\/strong> Mecanismos de Defensa del CAT.<br \/>\n<strong>3.3.3<\/strong> Indicadores cl\u00ednicos de Patolog\u00eda.<br \/>\n<strong>3.4<\/strong> Presentaci\u00f3n de casos cl\u00ednicos.<\/p>\n<p>&nbsp;<\/p>\n<h3><strong>M\u00d3DULO 5:<\/strong> EVALUACI\u00d3N DEL ASPECTO NEUROPSICOL\u00d3GICO.<\/h3>\n<p>&nbsp;<\/p>\n<p><strong>5.1<\/strong> Antecedentes de la electroencefalograf\u00eda<br \/>\n<strong>5.2<\/strong> Electroencefalograf\u00eda<br \/>\n<strong>5.2.1<\/strong> Electroencefalograma digital con mapeo cerebral (EEG y MC).<br \/>\n<strong>5.3<\/strong> Frecuencias cerebrales<br \/>\n<strong>5.3.1<\/strong> Beta<br \/>\n<strong>5.3.2<\/strong> Alfa<br \/>\n<strong>5.3.3<\/strong> Theta<br \/>\n<strong>5.3.4<\/strong> Delta<br \/>\n<strong>5.4<\/strong> Evaluaci\u00f3n neuropsicol\u00f3gica infantil<br \/>\n<strong>5.5<\/strong> Bater\u00eda neuropsicol\u00f3gica de preescolares (BANPE)<br \/>\n<strong>5.5<\/strong> Evaluaci\u00f3n neuropsicol\u00f3gica atenci\u00f3n y memoria. (NEUROPSI).<\/p>\n<p>&nbsp;<\/p>\n<h3><strong>M\u00d3DULO 6:<\/strong> INTEGRACI\u00d3N DE EVALUACI\u00d3N NEUROPSICOL\u00d3GICA.<\/h3>\n<p>&nbsp;<\/p>\n<p><strong>6.1<\/strong> T\u00e9cnica de entrevista y \u00c1rea emocional.<br \/>\n<strong>6.2<\/strong> \u00c1rea intelectual<br \/>\n<strong>6.3<\/strong> \u00c1rea perceptomotor y neuropsicol\u00f3gica<br \/>\n<strong>6.4<\/strong> Integraci\u00f3n neuropsicol\u00f3gica final.<\/p>\n<p>&nbsp;<\/p>\n<h3><strong>M\u00d3DULO 7: <\/strong>SEMINARIO DE SUPERVISI\u00d3N DE CASOS.<\/h3>\n<p>&nbsp;<\/p>\n<hr>\n<p>&nbsp;<\/p>\n<h3>Horario<\/h3>\n<p><strong>INICIO<\/strong>: Lunes 03 de septiembre del 2024<\/p>\n<p><strong>Martes y jueves<\/strong> de 2:00 a 7:20 pm.<\/p>\n<p>&nbsp;<\/p>\n<hr>\n<p>&nbsp;<\/p>\n<h3>Coordinadora<\/h3>\n<p>M.C. SARAHI CRUZ LIZARRAGA<\/p>\n<p>&nbsp;<\/p>\n<h3>Contacto<\/h3>\n<ul>\n<li>Mar\u00eda Elena Ceja Rodr\u00edguez<\/li>\n<li>669 941 3484<\/li>\n<\/ul>\n<p>&nbsp;<\/p>\n<p>&nbsp;<\/p>\n<hr>\n<p>&nbsp;<\/p>\n<h3>Cupo m\u00ednimo y m\u00e1ximo<\/h3>\n<p>M\u00ednimo 25 personas, m\u00e1ximo 30 personas<\/p>\n<p><strong>Sede:<\/strong> Mazatl\u00e1n, Sinaloa<br \/>\n<strong>Modalidad:<\/strong> Presencial<\/p>\n<p>&nbsp;<\/p>\n<hr>\n<p>&nbsp;<\/p>\n<h2>Perfil de Egreso<\/h2>\n<p>El egresado del Diplomado en psicodiagn\u00f3stico en la ni\u00f1ez al especializarse en el manejo de instrumentos de evaluaci\u00f3n, as\u00ed como determinaci\u00f3n de un diagn\u00f3stico para desarrollar un plan de trabajo espec\u00edfico a las necesidades del paciente y as\u00ed podr\u00e1 desempe\u00f1arse en el sector p\u00fablico, privado y social, dentro de las siguientes instituciones u organismos, as\u00ed como de manera independiente.<\/p>\n<p>&nbsp;<\/p>\n<h3>SECTOR P\u00daBLICO<\/h3>\n<ul>\n<li>Instituciones de salud p\u00fablica: IMSS, ISSSTE, Hospital General. En la aplicaci\u00f3n, y determinaci\u00f3n de diagn\u00f3stico para llevar al mejor tratamiento para el paciente.<\/li>\n<\/ul>\n<h3>SECTOR PRIVADO<\/h3>\n<ul>\n<li>Consulta privada Cl\u00ednicas y hospitales privados, Diagnosticar e intervenir bajo la metodolog\u00eda de casos cl\u00ednicos.<\/li>\n<li>Evaluar e intervenir, as\u00ed como hacer un plan de trabajo integral a las necesidades del paciente.<\/li>\n<\/ul>\n<h3>SECTOR SOCIAL<\/h3>\n<ul>\n<li>Elaboraci\u00f3n y aplicaci\u00f3n de Programas yproyectos de salud comunitaria paraapoyar en la detecci\u00f3n e informaci\u00f3n de los diferentes trastornos que pueden afectar a la ni\u00f1ez. As\u00ed como los factores que intervienen en el desarrollo de los mismos.<\/li>\n<\/ul>\n<p>&nbsp;<\/p>\n<hr>\n<h2 style=\"text-align: center;\">ESTE DIPLOMADO CUENTA COMO OPCI\u00d3N DE TITULACI\u00d3N O CREDITOS EXTRACURRICULARES<\/h2>\n<hr>\n<p>&nbsp;<\/p>\n<h4 style=\"text-align: center;\"><img loading=\"lazy\" decoding=\"async\" class=\"wp-image-1915 aligncenter\" src=\"https:\/\/psicologia.maz.uas.edu.mx\/wp-content\/uploads\/2024\/08\/PSICODIAGNOSTICO_EN_LA_NINEZ-min-scaled.jpg\" alt=\"\" width=\"754\" height=\"1166\" srcset=\"https:\/\/psicologia.maz.uas.edu.mx\/wp-content\/uploads\/2024\/08\/PSICODIAGNOSTICO_EN_LA_NINEZ-min-scaled.jpg 1656w, https:\/\/psicologia.maz.uas.edu.mx\/wp-content\/uploads\/2024\/08\/PSICODIAGNOSTICO_EN_LA_NINEZ-min-194x300.jpg 194w, https:\/\/psicologia.maz.uas.edu.mx\/wp-content\/uploads\/2024\/08\/PSICODIAGNOSTICO_EN_LA_NINEZ-min-663x1024.jpg 663w, https:\/\/psicologia.maz.uas.edu.mx\/wp-content\/uploads\/2024\/08\/PSICODIAGNOSTICO_EN_LA_NINEZ-min-768x1187.jpg 768w, https:\/\/psicologia.maz.uas.edu.mx\/wp-content\/uploads\/2024\/08\/PSICODIAGNOSTICO_EN_LA_NINEZ-min-994x1536.jpg 994w, https:\/\/psicologia.maz.uas.edu.mx\/wp-content\/uploads\/2024\/08\/PSICODIAGNOSTICO_EN_LA_NINEZ-min-1325x2048.jpg 1325w\" sizes=\"auto, (max-width: 754px) 100vw, 754px\" \/><\/h4>\n<p style=\"text-align: center;\">&nbsp;<\/p>\n<p>&nbsp;<\/p>\n","protected":false},"excerpt":{"rendered":"<p>&nbsp; &nbsp; Objetivo General El objetivo del Diplomado en Psicodiagn\u00f3stico en la ni\u00f1ez, es dotar de herramientas al alumno para realizar una evaluaci\u00f3n por \u00e1reas intelectual, perceptomotor, emocional y neuropsicol\u00f3gica. Con el fin de obtener una comprensi\u00f3n integral del paciente. Los participantes aprender\u00e1n a aplicar, calificar, interpretar e integrar instrumentos para evaluar las capacidades, habilidades [&hellip;]<\/p>\n","protected":false},"author":1,"featured_media":0,"parent":0,"menu_order":0,"comment_status":"closed","ping_status":"closed","template":"","meta":{"ngg_post_thumbnail":0,"footnotes":""},"class_list":["post-1531","page","type-page","status-publish","hentry"],"rttpg_featured_image_url":null,"rttpg_author":{"display_name":"Hugo Malcampo Bernal","author_link":"https:\/\/psicologia.maz.uas.edu.mx\/index.php\/author\/admin\/"},"rttpg_comment":0,"rttpg_category":null,"rttpg_excerpt":"&nbsp; &nbsp; Objetivo General El objetivo del Diplomado en Psicodiagn\u00f3stico en la ni\u00f1ez, es dotar de herramientas al alumno para realizar una evaluaci\u00f3n por \u00e1reas intelectual, perceptomotor, emocional y neuropsicol\u00f3gica. Con el fin de obtener una comprensi\u00f3n integral del paciente. Los participantes aprender\u00e1n a aplicar, calificar, interpretar e integrar instrumentos para evaluar las capacidades, habilidades&hellip;","_links":{"self":[{"href":"https:\/\/psicologia.maz.uas.edu.mx\/index.php\/wp-json\/wp\/v2\/pages\/1531","targetHints":{"allow":["GET"]}}],"collection":[{"href":"https:\/\/psicologia.maz.uas.edu.mx\/index.php\/wp-json\/wp\/v2\/pages"}],"about":[{"href":"https:\/\/psicologia.maz.uas.edu.mx\/index.php\/wp-json\/wp\/v2\/types\/page"}],"author":[{"embeddable":true,"href":"https:\/\/psicologia.maz.uas.edu.mx\/index.php\/wp-json\/wp\/v2\/users\/1"}],"replies":[{"embeddable":true,"href":"https:\/\/psicologia.maz.uas.edu.mx\/index.php\/wp-json\/wp\/v2\/comments?post=1531"}],"version-history":[{"count":10,"href":"https:\/\/psicologia.maz.uas.edu.mx\/index.php\/wp-json\/wp\/v2\/pages\/1531\/revisions"}],"predecessor-version":[{"id":1918,"href":"https:\/\/psicologia.maz.uas.edu.mx\/index.php\/wp-json\/wp\/v2\/pages\/1531\/revisions\/1918"}],"wp:attachment":[{"href":"https:\/\/psicologia.maz.uas.edu.mx\/index.php\/wp-json\/wp\/v2\/media?parent=1531"}],"curies":[{"name":"wp","href":"https:\/\/api.w.org\/{rel}","templated":true}]}}