{"id":1568,"date":"2022-06-24T11:06:15","date_gmt":"2022-06-24T18:06:15","guid":{"rendered":"http:\/\/psicologia.maz.uasnet.mx\/?page_id=1568"},"modified":"2022-06-24T19:37:29","modified_gmt":"2022-06-25T02:37:29","slug":"diplomado-en-atencion-y-prevencion-de-la-violencia","status":"publish","type":"page","link":"https:\/\/psicologia.maz.uas.edu.mx\/index.php\/diplomado-en-atencion-y-prevencion-de-la-violencia\/","title":{"rendered":"Diplomado en Atenci\u00f3n y Prevenci\u00f3n de la Violencia"},"content":{"rendered":"<p><img loading=\"lazy\" decoding=\"async\" class=\"alignleft wp-image-1575 size-full\" src=\"http:\/\/psicologia.maz.uasnet.mx\/wp-content\/uploads\/2022\/06\/DIPLOMADO-2.jpg\" alt=\"\" width=\"1350\" height=\"400\" srcset=\"https:\/\/psicologia.maz.uas.edu.mx\/wp-content\/uploads\/2022\/06\/DIPLOMADO-2.jpg 1350w, https:\/\/psicologia.maz.uas.edu.mx\/wp-content\/uploads\/2022\/06\/DIPLOMADO-2-300x89.jpg 300w, https:\/\/psicologia.maz.uas.edu.mx\/wp-content\/uploads\/2022\/06\/DIPLOMADO-2-1024x303.jpg 1024w, https:\/\/psicologia.maz.uas.edu.mx\/wp-content\/uploads\/2022\/06\/DIPLOMADO-2-768x228.jpg 768w\" sizes=\"auto, (max-width: 1350px) 100vw, 1350px\" \/><\/p>\n<p>&nbsp;<\/p>\n<h2><span id=\"page24R_mcid9\" class=\"markedContent\"><span dir=\"ltr\" role=\"presentation\">Objetivo<\/span><\/span><\/h2>\n<p><span id=\"page24R_mcid10\" class=\"markedContent\"><span dir=\"ltr\" role=\"presentation\">El objetivo del programa del Diplomado<\/span> <span dir=\"ltr\" role=\"presentation\">en Prevenci\u00f3n y <\/span><span dir=\"ltr\" role=\"presentation\">Atenci\u00f3n<\/span> <span dir=\"ltr\" role=\"presentation\">de<\/span> <span dir=\"ltr\" role=\"presentation\">la<\/span> <span dir=\"ltr\" role=\"presentation\">Violencia<\/span> <span dir=\"ltr\" role=\"presentation\">es<\/span> <span dir=\"ltr\" role=\"presentation\">ofertar<\/span> <span dir=\"ltr\" role=\"presentation\">herramientas <\/span><span dir=\"ltr\" role=\"presentation\">fundamentadas en el rengl\u00f3n te\u00f3rico<\/span><span dir=\"ltr\" role=\"presentation\">&#8211;<\/span><span dir=\"ltr\" role=\"presentation\">metodol\u00f3gico enfocado <\/span><span dir=\"ltr\" role=\"presentation\">a que los participantes reflexionen acerca del<\/span> <span dir=\"ltr\" role=\"presentation\">proceso que se <\/span><span dir=\"ltr\" role=\"presentation\">vive en el contexto local, nacional e internacional respecto a <\/span><span dir=\"ltr\" role=\"presentation\">la violencia y desarrollen habilidades tanto para su prevenci\u00f3n <\/span><span dir=\"ltr\" role=\"presentation\">como para la atenci\u00f3n de las v\u00edctimas.<\/span><\/span><\/p>\n<p>&nbsp;<\/p>\n<hr \/>\n<p>&nbsp;<\/p>\n<h2><span id=\"page24R_mcid11\" class=\"markedContent\"><span dir=\"ltr\" role=\"presentation\">UA\/UO que lo organiza<\/span><\/span><\/h2>\n<p><span id=\"page24R_mcid12\" class=\"markedContent\"> <span dir=\"ltr\" role=\"presentation\">Unidad Acad\u00e9mica de Psicolog\u00eda Mazatl\u00e1n<\/span><\/span><\/p>\n<p>&nbsp;<\/p>\n<hr \/>\n<p>&nbsp;<\/p>\n<h2><span id=\"page24R_mcid13\" class=\"markedContent\"><span dir=\"ltr\" role=\"presentation\">Dirigido<\/span> <span dir=\"ltr\" role=\"presentation\">a<\/span><\/span><span id=\"page24R_mcid14\" class=\"markedContent\"> <\/span><\/h2>\n<p><span id=\"page24R_mcid14\" class=\"markedContent\"><span dir=\"ltr\" role=\"presentation\">A psic\u00f3logos titulados y a estudiantes de psicolog\u00eda del <\/span><span dir=\"ltr\" role=\"presentation\">\u00faltimo grado de la carrera<\/span><\/span><\/p>\n<p>&nbsp;<\/p>\n<hr \/>\n<p>&nbsp;<\/p>\n<h2>M\u00f3dulos<\/h2>\n<ul>\n<li>\n<h4><span id=\"page24R_mcid16\" class=\"markedContent\"><span dir=\"ltr\" role=\"presentation\">M\u00f3dulo 1 Violencia de g\u00e9nero <\/span><\/span><\/h4>\n<\/li>\n<li>\n<h4><span id=\"page24R_mcid17\" class=\"markedContent\"><span dir=\"ltr\" role=\"presentation\"><span id=\"page24R_mcid16\" class=\"markedContent\">M\u00f3dulo 2<\/span> Aspectos legales para la atenci\u00f3n de la violencia<\/span><\/span><\/h4>\n<\/li>\n<li>\n<h4><span id=\"page24R_mcid18\" class=\"markedContent\"><span dir=\"ltr\" role=\"presentation\"><span id=\"page24R_mcid16\" class=\"markedContent\">M\u00f3dulo 3 <\/span>Violencia en la pareja<\/span><\/span><\/h4>\n<\/li>\n<li>\n<h4><span id=\"page24R_mcid19\" class=\"markedContent\"><span dir=\"ltr\" role=\"presentation\"><span id=\"page24R_mcid16\" class=\"markedContent\">M\u00f3dulo 4<\/span> Violencia infantil<\/span><\/span><\/h4>\n<\/li>\n<li>\n<h4><span id=\"page24R_mcid20\" class=\"markedContent\"><span dir=\"ltr\" role=\"presentation\"><span id=\"page24R_mcid16\" class=\"markedContent\">M\u00f3dulo 5<\/span> Violencia familiar<\/span><\/span><\/h4>\n<\/li>\n<\/ul>\n<p>&nbsp;<\/p>\n<hr \/>\n<h3><span id=\"page24R_mcid21\" class=\"markedContent\"><span dir=\"ltr\" role=\"presentation\">Duraci\u00f3n<\/span><\/span><\/h3>\n<p><span id=\"page24R_mcid22\" class=\"markedContent\"><span dir=\"ltr\" role=\"presentation\">140 horas de clase<\/span><\/span><span id=\"undefined\" class=\"markedContent\"><\/span><span id=\"page24R_mcid23\" class=\"markedContent\"><\/span><\/p>\n<h3><span id=\"page24R_mcid23\" class=\"markedContent\"><br role=\"presentation\" \/><span dir=\"ltr\" role=\"presentation\">Fecha<\/span><\/span><\/h3>\n<p><span id=\"page24R_mcid24\" class=\"markedContent\"> <span dir=\"ltr\" role=\"presentation\">De Septiembre a diciembre de<\/span> <span dir=\"ltr\" role=\"presentation\">20<\/span><span dir=\"ltr\" role=\"presentation\">22<\/span><\/span><\/p>\n<p>&nbsp;<\/p>\n<hr \/>\n<h3><span id=\"undefined\" class=\"markedContent\"><\/span><span id=\"page24R_mcid25\" class=\"markedContent\"><br role=\"presentation\" \/><span dir=\"ltr\" role=\"presentation\">Horario<\/span><\/span><\/h3>\n<ul>\n<li><span id=\"page24R_mcid26\" class=\"markedContent\"> <span dir=\"ltr\" role=\"presentation\">Viernes de 1<\/span><span dir=\"ltr\" role=\"presentation\">5<\/span><span dir=\"ltr\" role=\"presentation\">:00<\/span> <span dir=\"ltr\" role=\"presentation\">\u2013<\/span> <span dir=\"ltr\" role=\"presentation\">19:00 horas<\/span><\/span><\/li>\n<li><span id=\"page24R_mcid27\" class=\"markedContent\"><\/span><span id=\"page24R_mcid27\" class=\"markedContent\"><span dir=\"ltr\" role=\"presentation\">S\u00e1bado de 8:00<\/span> <span dir=\"ltr\" role=\"presentation\">\u2013<\/span> <span dir=\"ltr\" role=\"presentation\">1<\/span><span dir=\"ltr\" role=\"presentation\">4<\/span><span dir=\"ltr\" role=\"presentation\">:00 horas<\/span><\/span><\/li>\n<\/ul>\n<p>&nbsp;<\/p>\n<hr \/>\n<h3><span id=\"undefined\" class=\"markedContent\"><\/span><span id=\"page24R_mcid28\" class=\"markedContent\"><br role=\"presentation\" \/><span dir=\"ltr\" role=\"presentation\">Coordinadora<\/span><\/span><\/h3>\n<p><span id=\"page24R_mcid29\" class=\"markedContent\"> <span dir=\"ltr\" role=\"presentation\">Dra. Xolyanetzin Montero Pardo<\/span><\/span><\/p>\n<p>&nbsp;<\/p>\n<h3>Contacto<\/h3>\n<ul>\n<li><span id=\"page24R_mcid32\" class=\"markedContent\"><span dir=\"ltr\" role=\"presentation\">xolyanetzin.montero<\/span><span dir=\"ltr\" role=\"presentation\">@uas.edu.mx<\/span><\/span><\/li>\n<li>669 174 3796<\/li>\n<\/ul>\n<p>&nbsp;<\/p>\n<hr \/>\n<p>&nbsp;<\/p>\n<h3><span id=\"page24R_mcid40\" class=\"markedContent\"><span dir=\"ltr\" role=\"presentation\">Cupo m\u00ednimo y m\u00e1ximo<\/span><\/span><\/h3>\n<p><span id=\"page24R_mcid41\" class=\"markedContent\"><span dir=\"ltr\" role=\"presentation\">M\u00ednimo 2<\/span><span dir=\"ltr\" role=\"presentation\">0<\/span> <span dir=\"ltr\" role=\"presentation\">personas, m\u00e1ximo<\/span> <span dir=\"ltr\" role=\"presentation\">25<\/span> <span dir=\"ltr\" role=\"presentation\">personas<\/span><\/span><span id=\"undefined\" class=\"markedContent\"><\/span><span id=\"page24R_mcid42\" class=\"markedContent\"><\/span><\/p>\n<p><span id=\"page24R_mcid42\" class=\"markedContent\"><br role=\"presentation\" \/><strong><span dir=\"ltr\" role=\"presentation\">Sede: <\/span><\/strong><\/span><span id=\"page24R_mcid43\" class=\"markedContent\"><span dir=\"ltr\" role=\"presentation\">Torre Acad\u00e9mica Mazatl\u00e1n<\/span><\/span><span id=\"page24R_mcid44\" class=\"markedContent\"><\/span><span id=\"page24R_mcid44\" class=\"markedContent\"><\/span><strong><span id=\"page24R_mcid44\" class=\"markedContent\"><br role=\"presentation\" \/><span dir=\"ltr\" role=\"presentation\">Modalidad:<\/span><\/span><\/strong><span id=\"page24R_mcid45\" class=\"markedContent\"> <span dir=\"ltr\" role=\"presentation\">Presencial<\/span><\/span><\/p>\n<p>&nbsp;<\/p>\n<hr \/>\n<h3 style=\"text-align: center;\">ESTE DIPLOMADO CUENTA COMO OPCI\u00d3N DE TITULACI\u00d3N O CR\u00c9DITOS PROFESIONALES<\/h3>\n<hr \/>\n<p>&nbsp;<\/p>\n","protected":false},"excerpt":{"rendered":"<p>&nbsp; Objetivo El objetivo del programa del Diplomado en Prevenci\u00f3n y Atenci\u00f3n de la Violencia es ofertar herramientas fundamentadas en el rengl\u00f3n te\u00f3rico&#8211;metodol\u00f3gico enfocado a que los participantes reflexionen acerca del proceso que se vive en el contexto local, nacional e internacional respecto a la violencia y desarrollen habilidades tanto para su prevenci\u00f3n como para [&hellip;]<\/p>\n","protected":false},"author":1,"featured_media":0,"parent":0,"menu_order":0,"comment_status":"closed","ping_status":"closed","template":"","meta":{"ngg_post_thumbnail":0,"footnotes":""},"class_list":["post-1568","page","type-page","status-publish","hentry"],"rttpg_featured_image_url":null,"rttpg_author":{"display_name":"Hugo Malcampo Bernal","author_link":"https:\/\/psicologia.maz.uas.edu.mx\/index.php\/author\/admin\/"},"rttpg_comment":0,"rttpg_category":null,"rttpg_excerpt":"&nbsp; Objetivo El objetivo del programa del Diplomado en Prevenci\u00f3n y Atenci\u00f3n de la Violencia es ofertar herramientas fundamentadas en el rengl\u00f3n te\u00f3rico&#8211;metodol\u00f3gico enfocado a que los participantes reflexionen acerca del proceso que se vive en el contexto local, nacional e internacional respecto a la violencia y desarrollen habilidades tanto para su prevenci\u00f3n como para&hellip;","_links":{"self":[{"href":"https:\/\/psicologia.maz.uas.edu.mx\/index.php\/wp-json\/wp\/v2\/pages\/1568","targetHints":{"allow":["GET"]}}],"collection":[{"href":"https:\/\/psicologia.maz.uas.edu.mx\/index.php\/wp-json\/wp\/v2\/pages"}],"about":[{"href":"https:\/\/psicologia.maz.uas.edu.mx\/index.php\/wp-json\/wp\/v2\/types\/page"}],"author":[{"embeddable":true,"href":"https:\/\/psicologia.maz.uas.edu.mx\/index.php\/wp-json\/wp\/v2\/users\/1"}],"replies":[{"embeddable":true,"href":"https:\/\/psicologia.maz.uas.edu.mx\/index.php\/wp-json\/wp\/v2\/comments?post=1568"}],"version-history":[{"count":5,"href":"https:\/\/psicologia.maz.uas.edu.mx\/index.php\/wp-json\/wp\/v2\/pages\/1568\/revisions"}],"predecessor-version":[{"id":1578,"href":"https:\/\/psicologia.maz.uas.edu.mx\/index.php\/wp-json\/wp\/v2\/pages\/1568\/revisions\/1578"}],"wp:attachment":[{"href":"https:\/\/psicologia.maz.uas.edu.mx\/index.php\/wp-json\/wp\/v2\/media?parent=1568"}],"curies":[{"name":"wp","href":"https:\/\/api.w.org\/{rel}","templated":true}]}}