{"id":1582,"date":"2022-07-07T17:39:55","date_gmt":"2022-07-08T00:39:55","guid":{"rendered":"http:\/\/psicologia.maz.uasnet.mx\/?page_id=1582"},"modified":"2023-09-27T11:46:25","modified_gmt":"2023-09-27T18:46:25","slug":"licenciatura-en-psicologia-escolarizada","status":"publish","type":"page","link":"https:\/\/psicologia.maz.uas.edu.mx\/index.php\/licenciatura-en-psicologia-escolarizada\/","title":{"rendered":"Licenciatura en Psicolog\u00eda Escolarizada"},"content":{"rendered":"<p>&nbsp;<\/p>\n<p><img loading=\"lazy\" decoding=\"async\" class=\"alignnone size-full wp-image-1758\" src=\"https:\/\/psicologia.maz.uas.edu.mx\/wp-content\/uploads\/2023\/09\/banner_face.jpg\" alt=\"\" width=\"1641\" height=\"624\" srcset=\"https:\/\/psicologia.maz.uas.edu.mx\/wp-content\/uploads\/2023\/09\/banner_face.jpg 1641w, https:\/\/psicologia.maz.uas.edu.mx\/wp-content\/uploads\/2023\/09\/banner_face-300x114.jpg 300w, https:\/\/psicologia.maz.uas.edu.mx\/wp-content\/uploads\/2023\/09\/banner_face-1024x389.jpg 1024w, https:\/\/psicologia.maz.uas.edu.mx\/wp-content\/uploads\/2023\/09\/banner_face-768x292.jpg 768w, https:\/\/psicologia.maz.uas.edu.mx\/wp-content\/uploads\/2023\/09\/banner_face-1536x584.jpg 1536w\" sizes=\"auto, (max-width: 1641px) 100vw, 1641px\" \/><\/p>\n<h1>Prop\u00f3sito<\/h1>\n<hr \/>\n<p>Formar profesionales de la psicolog\u00eda que comprenda y aplique los conocimientos te\u00f3ricos, pr\u00e1cticos, actitudinales y metodol\u00f3gicos de los paradigmas en psicolog\u00eda, para ejercerlos\u00a0 en las \u00e1reas de aplicaci\u00f3n de la psicolog\u00eda cl\u00ednica, educativa, organizacional y laboral;\u00a0 que\u00a0 coadyuven a la resoluci\u00f3n de problem\u00e1ticas de orden individual y grupal que emerjan de la sociedad.<\/p>\n<hr \/>\n<p>&nbsp;<\/p>\n<p>&nbsp;<\/p>\n<h1><em>Perfil de ingreso<\/em><\/h1>\n<hr \/>\n<h3>El aspirante a esta carrera debe contar con:<\/h3>\n<ul>\n<li>Conocimientos, h\u00e1bitos, valores y actitudes constitutivos de una cultura general \u00a0b\u00e1sica y en especial de las ciencias sociales y humanas.<\/li>\n<li>Conocimientos b\u00e1sicos de las matem\u00e1ticas, pensamiento l\u00f3gico as\u00ed como conceptos\u00a0 \u00a0abstractos.<\/li>\n<li>Formaci\u00f3n metodol\u00f3gica para acceder al conocimiento de la problem\u00e1tica social.<\/li>\n<li>Capacidades y habilidades.<\/li>\n<\/ul>\n<p>&nbsp;<\/p>\n<h4><em>Habilidades<\/em><\/h4>\n<ul>\n<li>Habilidades comunicativas para expresar ideas y sentimientos en forma oral y por escrito, con claridad y precisi\u00f3n as\u00ed como ser capaz de interpretar mensajes recibidos en ambas formas.<\/li>\n<li>Habilidad para el an\u00e1lisis y s\u00edntesis as\u00ed como capacidad de organizaci\u00f3n autocr\u00edtica y para la toma de decisiones.<\/li>\n<li>Capacidades de observaci\u00f3n y escucha sistem\u00e1tica, capacidad creativa, anal\u00edtica y pensamiento cr\u00edtico, disposici\u00f3n para el auto estudio y el aprendizaje grupal.<\/li>\n<li>Disposici\u00f3n hacia el estudio permanente y la b\u00fasqueda constante de conocimientos de manera aut\u00f3noma.<\/li>\n<li>Capacidad para establecer y mantener relaciones interpersonales con los dem\u00e1s miembros de su comunidad.<\/li>\n<\/ul>\n<p>&nbsp;<\/p>\n<h4><em>Actitudes<\/em><\/h4>\n<ul>\n<li>Una actitud de compromiso y respeto a los valores, creencia y opiniones de los \u00a0otros.<\/li>\n<li>Inter\u00e9s por el estudio del comportamiento humano.<\/li>\n<li>Valores expresados a trav\u00e9s de actitudes proactivas, asertivas y propositivas, as\u00ed como de responsabilidad y respeto hacia los dem\u00e1s, la sociedad y su entorno.<\/li>\n<li>Disposici\u00f3n de servicio, sobre todo a los sectores sociales menos favorecidos Valores \u00e9ticos en el ejercicio profesional y en sus acciones personales.<\/li>\n<\/ul>\n<hr \/>\n<p>&nbsp;<\/p>\n<h1><em>Perfil de egreso<\/em><\/h1>\n<hr \/>\n<p>El egresado de la Licenciatura en Psicolog\u00eda en su \u00e1rea de desempe\u00f1o profesional posee conocimientos te\u00f3ricos, pr\u00e1cticos, actitudinales, y metodol\u00f3gicos en los diferentes paradigmas de la psicolog\u00eda, para explicar, \u00a0investigar, intervenir y resolver \u00a0problemas psicol\u00f3gicos, en el \u00e1mbito individual, grupal, comunitario y social, con pensamiento cr\u00edtico, \u00a0considerando la pertinencia de su aplicaci\u00f3n en el \u00e1mbito profesional, ejerci\u00e9ndolo con \u00e9tica, respeto, honestidad y humildad, colaborando en equipo de manera intra, inter, y multidisciplinario \u00a0para dar soluci\u00f3n a diversas \u00a0problem\u00e1ticas inherentes a su disciplina con transdiciplinaridad para el sector p\u00fablico, privado y \u00a0social a nivel regional, nacional e internacional.<\/p>\n<hr \/>\n<h1>Horarios<\/h1>\n<h3>De lunes a viernes<\/h3>\n<h4>Dos turnos:<\/h4>\n<ul>\n<li>Matutino de 7 am a 12:20 pm<\/li>\n<li>Vespertino de 2 pm a 7:20 pm<\/li>\n<\/ul>\n","protected":false},"excerpt":{"rendered":"<p>&nbsp; Prop\u00f3sito Formar profesionales de la psicolog\u00eda que comprenda y aplique los conocimientos te\u00f3ricos, pr\u00e1cticos, actitudinales y metodol\u00f3gicos de los paradigmas en psicolog\u00eda, para ejercerlos\u00a0 en las \u00e1reas de aplicaci\u00f3n de la psicolog\u00eda cl\u00ednica, educativa, organizacional y laboral;\u00a0 que\u00a0 coadyuven a la resoluci\u00f3n de problem\u00e1ticas de orden individual y grupal que emerjan de la sociedad. [&hellip;]<\/p>\n","protected":false},"author":1,"featured_media":0,"parent":0,"menu_order":0,"comment_status":"closed","ping_status":"closed","template":"","meta":{"ngg_post_thumbnail":0,"footnotes":""},"class_list":["post-1582","page","type-page","status-publish","hentry"],"rttpg_featured_image_url":null,"rttpg_author":{"display_name":"Hugo Malcampo Bernal","author_link":"https:\/\/psicologia.maz.uas.edu.mx\/index.php\/author\/admin\/"},"rttpg_comment":0,"rttpg_category":null,"rttpg_excerpt":"&nbsp; Prop\u00f3sito Formar profesionales de la psicolog\u00eda que comprenda y aplique los conocimientos te\u00f3ricos, pr\u00e1cticos, actitudinales y metodol\u00f3gicos de los paradigmas en psicolog\u00eda, para ejercerlos\u00a0 en las \u00e1reas de aplicaci\u00f3n de la psicolog\u00eda cl\u00ednica, educativa, organizacional y laboral;\u00a0 que\u00a0 coadyuven a la resoluci\u00f3n de problem\u00e1ticas de orden individual y grupal que emerjan de la sociedad.&hellip;","_links":{"self":[{"href":"https:\/\/psicologia.maz.uas.edu.mx\/index.php\/wp-json\/wp\/v2\/pages\/1582","targetHints":{"allow":["GET"]}}],"collection":[{"href":"https:\/\/psicologia.maz.uas.edu.mx\/index.php\/wp-json\/wp\/v2\/pages"}],"about":[{"href":"https:\/\/psicologia.maz.uas.edu.mx\/index.php\/wp-json\/wp\/v2\/types\/page"}],"author":[{"embeddable":true,"href":"https:\/\/psicologia.maz.uas.edu.mx\/index.php\/wp-json\/wp\/v2\/users\/1"}],"replies":[{"embeddable":true,"href":"https:\/\/psicologia.maz.uas.edu.mx\/index.php\/wp-json\/wp\/v2\/comments?post=1582"}],"version-history":[{"count":11,"href":"https:\/\/psicologia.maz.uas.edu.mx\/index.php\/wp-json\/wp\/v2\/pages\/1582\/revisions"}],"predecessor-version":[{"id":1759,"href":"https:\/\/psicologia.maz.uas.edu.mx\/index.php\/wp-json\/wp\/v2\/pages\/1582\/revisions\/1759"}],"wp:attachment":[{"href":"https:\/\/psicologia.maz.uas.edu.mx\/index.php\/wp-json\/wp\/v2\/media?parent=1582"}],"curies":[{"name":"wp","href":"https:\/\/api.w.org\/{rel}","templated":true}]}}