{"id":163,"date":"2020-03-04T17:51:23","date_gmt":"2020-03-04T17:51:23","guid":{"rendered":"http:\/\/psicologia.maz.uasnet.mx\/?page_id=163"},"modified":"2020-08-15T15:27:53","modified_gmt":"2020-08-15T15:27:53","slug":"bolsa-de-trabajo","status":"publish","type":"page","link":"https:\/\/psicologia.maz.uas.edu.mx\/index.php\/bolsa-de-trabajo\/","title":{"rendered":"Bolsa de Trabajo"},"content":{"rendered":"<hr>\r\n<p><strong>Bolsa de Trabajo Universitaria<\/strong><\/p>\r\n\r\n\r\n\r\n<blockquote>\r\n<p style=\"text-align: justify;\">La bolsa de trabajo universitaria es el medio designado para la vinculaci\u00f3n entre empleadores y buscadores de empleo, que coadyuva a la inserci\u00f3n laboral de los j\u00f3venes universitarios y a la integraci\u00f3n de perfiles calificados que buscan las empresas.<\/p>\r\n\r\n\r\n\r\n<p style=\"text-align: justify;\"><a href=\"https:\/\/bolsadetrabajo.uas.edu.mx\/\" target=\"_blank\" rel=\"noreferrer noopener\" aria-label=\" (abre en una nueva pesta\u00f1a)\">https:\/\/bolsadetrabajo.uas.edu.mx\/<\/a><\/p>\r\n<\/blockquote>\r\n\r\n\r\n\r\n<p>&nbsp;<\/p>\r\n","protected":false},"excerpt":{"rendered":"<p>Bolsa de Trabajo Universitaria La bolsa de trabajo universitaria es el medio designado para la vinculaci\u00f3n entre empleadores y buscadores de empleo, que coadyuva a la inserci\u00f3n laboral de los j\u00f3venes universitarios y a la integraci\u00f3n de perfiles calificados que buscan las empresas. https:\/\/bolsadetrabajo.uas.edu.mx\/ &nbsp;<\/p>\n","protected":false},"author":1,"featured_media":0,"parent":0,"menu_order":0,"comment_status":"closed","ping_status":"closed","template":"","meta":{"ngg_post_thumbnail":0,"footnotes":""},"class_list":["post-163","page","type-page","status-publish","hentry"],"rttpg_featured_image_url":null,"rttpg_author":{"display_name":"Hugo Malcampo Bernal","author_link":"https:\/\/psicologia.maz.uas.edu.mx\/index.php\/author\/admin\/"},"rttpg_comment":0,"rttpg_category":null,"rttpg_excerpt":"Bolsa de Trabajo Universitaria La bolsa de trabajo universitaria es el medio designado para la vinculaci\u00f3n entre empleadores y buscadores de empleo, que coadyuva a la inserci\u00f3n laboral de los j\u00f3venes universitarios y a la integraci\u00f3n de perfiles calificados que buscan las empresas. https:\/\/bolsadetrabajo.uas.edu.mx\/ &nbsp;","_links":{"self":[{"href":"https:\/\/psicologia.maz.uas.edu.mx\/index.php\/wp-json\/wp\/v2\/pages\/163","targetHints":{"allow":["GET"]}}],"collection":[{"href":"https:\/\/psicologia.maz.uas.edu.mx\/index.php\/wp-json\/wp\/v2\/pages"}],"about":[{"href":"https:\/\/psicologia.maz.uas.edu.mx\/index.php\/wp-json\/wp\/v2\/types\/page"}],"author":[{"embeddable":true,"href":"https:\/\/psicologia.maz.uas.edu.mx\/index.php\/wp-json\/wp\/v2\/users\/1"}],"replies":[{"embeddable":true,"href":"https:\/\/psicologia.maz.uas.edu.mx\/index.php\/wp-json\/wp\/v2\/comments?post=163"}],"version-history":[{"count":0,"href":"https:\/\/psicologia.maz.uas.edu.mx\/index.php\/wp-json\/wp\/v2\/pages\/163\/revisions"}],"wp:attachment":[{"href":"https:\/\/psicologia.maz.uas.edu.mx\/index.php\/wp-json\/wp\/v2\/media?parent=163"}],"curies":[{"name":"wp","href":"https:\/\/api.w.org\/{rel}","templated":true}]}}