{"id":1763,"date":"2023-09-27T12:43:56","date_gmt":"2023-09-27T19:43:56","guid":{"rendered":"https:\/\/psicologia.maz.uas.edu.mx\/?page_id=1763"},"modified":"2026-03-12T09:53:43","modified_gmt":"2026-03-12T16:53:43","slug":"tripticos-de-la-facultad-de-psicologia-mazatlan","status":"publish","type":"page","link":"https:\/\/psicologia.maz.uas.edu.mx\/index.php\/tripticos-de-la-facultad-de-psicologia-mazatlan\/","title":{"rendered":"Tr\u00edpticos de la Facultad de Psicolog\u00eda Mazatl\u00e1n"},"content":{"rendered":"<h3>&nbsp;<\/h3>\n<h3>Tr\u00edptico vigente a partir del ciclo escolar 2023 &#8211; 2024<\/h3>\n<p><img loading=\"lazy\" decoding=\"async\" class=\"wp-image-2027 aligncenter\" src=\"https:\/\/psicologia.maz.uas.edu.mx\/wp-content\/uploads\/2026\/03\/triptico_portada.jpeg\" alt=\"\" width=\"982\" height=\"759\" srcset=\"https:\/\/psicologia.maz.uas.edu.mx\/wp-content\/uploads\/2026\/03\/triptico_portada.jpeg 1650w, https:\/\/psicologia.maz.uas.edu.mx\/wp-content\/uploads\/2026\/03\/triptico_portada-300x232.jpeg 300w, https:\/\/psicologia.maz.uas.edu.mx\/wp-content\/uploads\/2026\/03\/triptico_portada-1024x791.jpeg 1024w, https:\/\/psicologia.maz.uas.edu.mx\/wp-content\/uploads\/2026\/03\/triptico_portada-768x593.jpeg 768w, https:\/\/psicologia.maz.uas.edu.mx\/wp-content\/uploads\/2026\/03\/triptico_portada-1536x1187.jpeg 1536w\" sizes=\"auto, (max-width: 982px) 100vw, 982px\" \/> <img loading=\"lazy\" decoding=\"async\" class=\"wp-image-2028 aligncenter\" src=\"https:\/\/psicologia.maz.uas.edu.mx\/wp-content\/uploads\/2026\/03\/triptico_interior.jpeg\" alt=\"\" width=\"981\" height=\"758\" srcset=\"https:\/\/psicologia.maz.uas.edu.mx\/wp-content\/uploads\/2026\/03\/triptico_interior.jpeg 1650w, https:\/\/psicologia.maz.uas.edu.mx\/wp-content\/uploads\/2026\/03\/triptico_interior-300x232.jpeg 300w, https:\/\/psicologia.maz.uas.edu.mx\/wp-content\/uploads\/2026\/03\/triptico_interior-1024x791.jpeg 1024w, https:\/\/psicologia.maz.uas.edu.mx\/wp-content\/uploads\/2026\/03\/triptico_interior-768x593.jpeg 768w, https:\/\/psicologia.maz.uas.edu.mx\/wp-content\/uploads\/2026\/03\/triptico_interior-1536x1187.jpeg 1536w\" sizes=\"auto, (max-width: 981px) 100vw, 981px\" \/><\/p>\n<p style=\"text-align: center;\">&nbsp;<\/p>\n<p>&nbsp;<\/p>\n<p style=\"text-align: center;\"><img loading=\"lazy\" decoding=\"async\" class=\"alignnone wp-image-271 aligncenter\" src=\"https:\/\/psicologia.maz.uas.edu.mx\/wp-content\/uploads\/2020\/03\/pdf.png\" alt=\"\" width=\"26\" height=\"35\" srcset=\"https:\/\/psicologia.maz.uas.edu.mx\/wp-content\/uploads\/2020\/03\/pdf.png 384w, https:\/\/psicologia.maz.uas.edu.mx\/wp-content\/uploads\/2020\/03\/pdf-225x300.png 225w\" sizes=\"auto, (max-width: 26px) 100vw, 26px\" \/> &nbsp; <a href=\"https:\/\/psicologia.maz.uas.edu.mx\/wp-content\/uploads\/2026\/03\/TRIPTICO_FAPSIM.pdf\" target=\"_blank\" rel=\"noopener\">DESCARGAR EL TR\u00cdPTICO<\/a><\/p>\n<p>&nbsp;<\/p>\n<p>&nbsp;<\/p>\n<h3 style=\"text-align: left;\">TR\u00cdPTICO PLAN 4 ANTERIOR<\/h3>\n<hr>\n<p><img loading=\"lazy\" decoding=\"async\" class=\"alignnone size-full wp-image-1562 aligncenter\" src=\"https:\/\/psicologia.maz.uas.edu.mx\/wp-content\/uploads\/2022\/06\/TRIPTICO.jpg\" alt=\"\" width=\"792\" height=\"612\" srcset=\"https:\/\/psicologia.maz.uas.edu.mx\/wp-content\/uploads\/2022\/06\/TRIPTICO.jpg 792w, https:\/\/psicologia.maz.uas.edu.mx\/wp-content\/uploads\/2022\/06\/TRIPTICO-300x232.jpg 300w, https:\/\/psicologia.maz.uas.edu.mx\/wp-content\/uploads\/2022\/06\/TRIPTICO-768x593.jpg 768w\" sizes=\"auto, (max-width: 792px) 100vw, 792px\" \/><\/p>\n<p><img loading=\"lazy\" decoding=\"async\" class=\"alignnone size-full wp-image-1563 aligncenter\" src=\"https:\/\/psicologia.maz.uas.edu.mx\/wp-content\/uploads\/2022\/06\/TRIPTICO-INTERIOR.jpg\" alt=\"\" width=\"792\" height=\"612\" srcset=\"https:\/\/psicologia.maz.uas.edu.mx\/wp-content\/uploads\/2022\/06\/TRIPTICO-INTERIOR.jpg 792w, https:\/\/psicologia.maz.uas.edu.mx\/wp-content\/uploads\/2022\/06\/TRIPTICO-INTERIOR-300x232.jpg 300w, https:\/\/psicologia.maz.uas.edu.mx\/wp-content\/uploads\/2022\/06\/TRIPTICO-INTERIOR-768x593.jpg 768w\" sizes=\"auto, (max-width: 792px) 100vw, 792px\" \/><\/p>\n<p><img loading=\"lazy\" decoding=\"async\" class=\"wp-image-271 aligncenter\" src=\"https:\/\/psicologia.maz.uas.edu.mx\/wp-content\/uploads\/2020\/03\/pdf.png\" alt=\"\" width=\"31\" height=\"41\" srcset=\"https:\/\/psicologia.maz.uas.edu.mx\/wp-content\/uploads\/2020\/03\/pdf.png 384w, https:\/\/psicologia.maz.uas.edu.mx\/wp-content\/uploads\/2020\/03\/pdf-225x300.png 225w\" sizes=\"auto, (max-width: 31px) 100vw, 31px\" \/><\/p>\n<p style=\"text-align: center;\"><a href=\"https:\/\/psicologia.maz.uas.edu.mx\/wp-content\/uploads\/2022\/06\/TRIPTICO.pdf\" target=\"_blank\" rel=\"noopener\">DESCARGAR TR\u00cdPTICO<\/a><\/p>\n<p>&nbsp;<\/p>\n","protected":false},"excerpt":{"rendered":"<p>&nbsp; Tr\u00edptico vigente a partir del ciclo escolar 2023 &#8211; 2024 &nbsp; &nbsp; &nbsp; DESCARGAR EL TR\u00cdPTICO &nbsp; &nbsp; TR\u00cdPTICO PLAN 4 ANTERIOR DESCARGAR TR\u00cdPTICO &nbsp;<\/p>\n","protected":false},"author":1,"featured_media":0,"parent":0,"menu_order":0,"comment_status":"closed","ping_status":"closed","template":"","meta":{"ngg_post_thumbnail":0,"footnotes":""},"class_list":["post-1763","page","type-page","status-publish","hentry"],"rttpg_featured_image_url":null,"rttpg_author":{"display_name":"Hugo Malcampo Bernal","author_link":"https:\/\/psicologia.maz.uas.edu.mx\/index.php\/author\/admin\/"},"rttpg_comment":0,"rttpg_category":null,"rttpg_excerpt":"&nbsp; Tr\u00edptico vigente a partir del ciclo escolar 2023 &#8211; 2024 &nbsp; &nbsp; &nbsp; DESCARGAR EL TR\u00cdPTICO &nbsp; &nbsp; TR\u00cdPTICO PLAN 4 ANTERIOR DESCARGAR TR\u00cdPTICO &nbsp;","_links":{"self":[{"href":"https:\/\/psicologia.maz.uas.edu.mx\/index.php\/wp-json\/wp\/v2\/pages\/1763","targetHints":{"allow":["GET"]}}],"collection":[{"href":"https:\/\/psicologia.maz.uas.edu.mx\/index.php\/wp-json\/wp\/v2\/pages"}],"about":[{"href":"https:\/\/psicologia.maz.uas.edu.mx\/index.php\/wp-json\/wp\/v2\/types\/page"}],"author":[{"embeddable":true,"href":"https:\/\/psicologia.maz.uas.edu.mx\/index.php\/wp-json\/wp\/v2\/users\/1"}],"replies":[{"embeddable":true,"href":"https:\/\/psicologia.maz.uas.edu.mx\/index.php\/wp-json\/wp\/v2\/comments?post=1763"}],"version-history":[{"count":8,"href":"https:\/\/psicologia.maz.uas.edu.mx\/index.php\/wp-json\/wp\/v2\/pages\/1763\/revisions"}],"predecessor-version":[{"id":2029,"href":"https:\/\/psicologia.maz.uas.edu.mx\/index.php\/wp-json\/wp\/v2\/pages\/1763\/revisions\/2029"}],"wp:attachment":[{"href":"https:\/\/psicologia.maz.uas.edu.mx\/index.php\/wp-json\/wp\/v2\/media?parent=1763"}],"curies":[{"name":"wp","href":"https:\/\/api.w.org\/{rel}","templated":true}]}}