{"id":390,"date":"2020-08-13T00:03:23","date_gmt":"2020-08-13T00:03:23","guid":{"rendered":"http:\/\/psicologia.maz.uasnet.mx\/?page_id=390"},"modified":"2023-09-27T11:39:02","modified_gmt":"2023-09-27T18:39:02","slug":"verano-delfin","status":"publish","type":"page","link":"https:\/\/psicologia.maz.uas.edu.mx\/index.php\/verano-delfin\/","title":{"rendered":"Verano Delfin"},"content":{"rendered":"<p style=\"text-align: justify;\"><img loading=\"lazy\" decoding=\"async\" class=\"alignleft size-full wp-image-395\" src=\"http:\/\/psicologia.maz.uasnet.mx\/wp-content\/uploads\/2020\/08\/delfin.jpg\" alt=\"\" width=\"512\" height=\"320\" srcset=\"https:\/\/psicologia.maz.uas.edu.mx\/wp-content\/uploads\/2020\/08\/delfin.jpg 512w, https:\/\/psicologia.maz.uas.edu.mx\/wp-content\/uploads\/2020\/08\/delfin-300x188.jpg 300w\" sizes=\"auto, (max-width: 512px) 100vw, 512px\" \/><\/p>\n<p>&nbsp;<\/p>\n<p>&nbsp;<\/p>\n<p>&nbsp;<\/p>\n<p>&nbsp;<\/p>\n<p>&nbsp;<\/p>\n<p>&nbsp;<\/p>\n<p>&nbsp;<\/p>\n<p>&nbsp;<\/p>\n<hr \/>\n<p style=\"text-align: justify;\">El Programa Delf\u00edn, se cre\u00f3 en 1995 con el objetivo fortalecer la cultura de colaboraci\u00f3n entre las Instituciones de Educaci\u00f3n Superior y Centros de Investigaci\u00f3n integrantes del Programa, a trav\u00e9s de la movilidad de profesores-investigadores, estudiantes y de la divulgaci\u00f3n de productos cient\u00edficos y tecnol\u00f3gicos. En lo particular para fortalecer el desarrollo de la investigaci\u00f3n y el posgrado nacional.<\/p>\n<p style=\"text-align: justify;\">El Programa Delf\u00edn es una organizaci\u00f3n que se gu\u00eda por un criterio participativo para que confluyan ideas y aportaciones en beneficio de la integraci\u00f3n y realizaci\u00f3n de sus subprogramas.<\/p>\n<p style=\"text-align: justify;\">Cuenta con tres organos de administraci\u00f3n:<\/p>\n<ul class=\"lista\">\n<li style=\"text-align: justify;\"><b class=\"color-azul\">Honorable Consejo General<\/b>: Representado por los titulares de las Instituciones de Educaci\u00f3n Superior y Centros de Investigaci\u00f3n que integran al Programa.<\/li>\n<li style=\"text-align: justify;\"><b class=\"color-azul\">Honorable Consejo T\u00e9cnico<\/b>: Integrado por un representante de cada instituci\u00f3n, denominado Consejero T\u00e9cnico.<\/li>\n<li style=\"text-align: justify;\"><b class=\"color-azul\">Coordinaci\u00f3n General<\/b>: La ejerce una instituci\u00f3n afiliada y es designada por el Honorable Consejo T\u00e9cnic. La operatividad es a cargo del Consejero T\u00e9cnico.<\/li>\n<\/ul>\n<p>&nbsp;<\/p>\n","protected":false},"excerpt":{"rendered":"<p>&nbsp; &nbsp; &nbsp; &nbsp; &nbsp; &nbsp; &nbsp; &nbsp; El Programa Delf\u00edn, se cre\u00f3 en 1995 con el objetivo fortalecer la cultura de colaboraci\u00f3n entre las Instituciones de Educaci\u00f3n Superior y Centros de Investigaci\u00f3n integrantes del Programa, a trav\u00e9s de la movilidad de profesores-investigadores, estudiantes y de la divulgaci\u00f3n de productos cient\u00edficos y tecnol\u00f3gicos. En lo [&hellip;]<\/p>\n","protected":false},"author":1,"featured_media":0,"parent":0,"menu_order":0,"comment_status":"closed","ping_status":"closed","template":"","meta":{"ngg_post_thumbnail":0,"footnotes":""},"class_list":["post-390","page","type-page","status-publish","hentry"],"rttpg_featured_image_url":null,"rttpg_author":{"display_name":"Hugo Malcampo Bernal","author_link":"https:\/\/psicologia.maz.uas.edu.mx\/index.php\/author\/admin\/"},"rttpg_comment":0,"rttpg_category":null,"rttpg_excerpt":"&nbsp; &nbsp; &nbsp; &nbsp; &nbsp; &nbsp; &nbsp; &nbsp; El Programa Delf\u00edn, se cre\u00f3 en 1995 con el objetivo fortalecer la cultura de colaboraci\u00f3n entre las Instituciones de Educaci\u00f3n Superior y Centros de Investigaci\u00f3n integrantes del Programa, a trav\u00e9s de la movilidad de profesores-investigadores, estudiantes y de la divulgaci\u00f3n de productos cient\u00edficos y tecnol\u00f3gicos. En lo&hellip;","_links":{"self":[{"href":"https:\/\/psicologia.maz.uas.edu.mx\/index.php\/wp-json\/wp\/v2\/pages\/390","targetHints":{"allow":["GET"]}}],"collection":[{"href":"https:\/\/psicologia.maz.uas.edu.mx\/index.php\/wp-json\/wp\/v2\/pages"}],"about":[{"href":"https:\/\/psicologia.maz.uas.edu.mx\/index.php\/wp-json\/wp\/v2\/types\/page"}],"author":[{"embeddable":true,"href":"https:\/\/psicologia.maz.uas.edu.mx\/index.php\/wp-json\/wp\/v2\/users\/1"}],"replies":[{"embeddable":true,"href":"https:\/\/psicologia.maz.uas.edu.mx\/index.php\/wp-json\/wp\/v2\/comments?post=390"}],"version-history":[{"count":1,"href":"https:\/\/psicologia.maz.uas.edu.mx\/index.php\/wp-json\/wp\/v2\/pages\/390\/revisions"}],"predecessor-version":[{"id":1756,"href":"https:\/\/psicologia.maz.uas.edu.mx\/index.php\/wp-json\/wp\/v2\/pages\/390\/revisions\/1756"}],"wp:attachment":[{"href":"https:\/\/psicologia.maz.uas.edu.mx\/index.php\/wp-json\/wp\/v2\/media?parent=390"}],"curies":[{"name":"wp","href":"https:\/\/api.w.org\/{rel}","templated":true}]}}