{"id":42,"date":"2020-02-27T18:50:46","date_gmt":"2020-02-27T18:50:46","guid":{"rendered":"http:\/\/psicologia.maz.uasnet.mx\/?page_id=42"},"modified":"2021-03-10T22:06:59","modified_gmt":"2021-03-10T22:06:59","slug":"veranos-cientificos","status":"publish","type":"page","link":"https:\/\/psicologia.maz.uas.edu.mx\/index.php\/veranos-cientificos\/","title":{"rendered":"Veranos Cient\u00edficos AMC"},"content":{"rendered":"\r\n<p><img loading=\"lazy\" decoding=\"async\" class=\"alignleft  wp-image-377\" src=\"http:\/\/psicologia.maz.uasnet.mx\/wp-content\/uploads\/2020\/08\/veranos-cientifico.jpg\" alt=\"\" width=\"224\" height=\"224\" srcset=\"https:\/\/psicologia.maz.uas.edu.mx\/wp-content\/uploads\/2020\/08\/veranos-cientifico.jpg 800w, https:\/\/psicologia.maz.uas.edu.mx\/wp-content\/uploads\/2020\/08\/veranos-cientifico-300x300.jpg 300w, https:\/\/psicologia.maz.uas.edu.mx\/wp-content\/uploads\/2020\/08\/veranos-cientifico-150x150.jpg 150w, https:\/\/psicologia.maz.uas.edu.mx\/wp-content\/uploads\/2020\/08\/veranos-cientifico-768x768.jpg 768w\" sizes=\"auto, (max-width: 224px) 100vw, 224px\" \/><\/p>\r\n<p>&nbsp;<\/p>\r\n<p>&nbsp;<\/p>\r\n<p>&nbsp;<\/p>\r\n<p>&nbsp;<\/p>\r\n<p>&nbsp;<\/p>\r\n<p>&nbsp;<\/p>\r\n<hr \/>\r\n<p style=\"text-align: justify;\">El Verano de la Investigaci\u00f3n Cient\u00edfica tiene como objetivo principal fomentar el inter\u00e9s de los estudiantes de licenciatura por la actividad cient\u00edfica en cualquiera de sus \u00e1reas: F\u00edsico matem\u00e1ticas, Biol\u00f3gicas, biom\u00e9dicas y qu\u00edmicas, Ciencias sociales y humanidades e Ingenier\u00eda y Tecnolog\u00eda. El programa consiste en promover y facilitar que los estudiantes realicen estancias de investigaci\u00f3n de 7 semanas de duraci\u00f3n en los m\u00e1s prestigiados centros e instituciones de investigaci\u00f3n del pa\u00eds, bajo la supervisi\u00f3n y gu\u00eda de investigadores en activo, quienes los introducen en el apasionante mundo de la ciencia al permitirles participar en alg\u00fan proyecto de investigaci\u00f3n.<\/p>\r\n\r\n\r\n\r\n<p style=\"text-align: justify;\">Dirigido a\u00a0 estudiantes de nivel licenciatura de todas las \u00e1reas del conocimiento de las instituciones de Educaci\u00f3n Superior que lo integran, en este Programa participan j\u00f3venes con talento y vocaci\u00f3n por la ciencia y la tecnolog\u00eda, con el objetivo fundamental de fomentar la formaci\u00f3n de capital intelectual de alto nivel acad\u00e9mico, que en el futuro inmediato contribuyan en el desarrollo regional, nacional e internacional. Los estudiantes seleccionados se integran a proyectos de investigaci\u00f3n de su inter\u00e9s, asesorados por distinguidos investigadores en una estancia acad\u00e9mica, con duraci\u00f3n de siete semanas en Instituciones de Educaci\u00f3n Superior o Centros de Investigaci\u00f3n del pa\u00eds y el extranjero.<\/p>\r\n","protected":false},"excerpt":{"rendered":"<p>&nbsp; &nbsp; &nbsp; &nbsp; &nbsp; &nbsp; El Verano de la Investigaci\u00f3n Cient\u00edfica tiene como objetivo principal fomentar el inter\u00e9s de los estudiantes de licenciatura por la actividad cient\u00edfica en cualquiera de sus \u00e1reas: F\u00edsico matem\u00e1ticas, Biol\u00f3gicas, biom\u00e9dicas y qu\u00edmicas, Ciencias sociales y humanidades e Ingenier\u00eda y Tecnolog\u00eda. El programa consiste en promover y facilitar que [&hellip;]<\/p>\n","protected":false},"author":1,"featured_media":0,"parent":0,"menu_order":0,"comment_status":"closed","ping_status":"closed","template":"","meta":{"ngg_post_thumbnail":0,"footnotes":""},"class_list":["post-42","page","type-page","status-publish","hentry"],"rttpg_featured_image_url":null,"rttpg_author":{"display_name":"Hugo Malcampo Bernal","author_link":"https:\/\/psicologia.maz.uas.edu.mx\/index.php\/author\/admin\/"},"rttpg_comment":0,"rttpg_category":null,"rttpg_excerpt":"&nbsp; &nbsp; &nbsp; &nbsp; &nbsp; &nbsp; El Verano de la Investigaci\u00f3n Cient\u00edfica tiene como objetivo principal fomentar el inter\u00e9s de los estudiantes de licenciatura por la actividad cient\u00edfica en cualquiera de sus \u00e1reas: F\u00edsico matem\u00e1ticas, Biol\u00f3gicas, biom\u00e9dicas y qu\u00edmicas, Ciencias sociales y humanidades e Ingenier\u00eda y Tecnolog\u00eda. El programa consiste en promover y facilitar que&hellip;","_links":{"self":[{"href":"https:\/\/psicologia.maz.uas.edu.mx\/index.php\/wp-json\/wp\/v2\/pages\/42","targetHints":{"allow":["GET"]}}],"collection":[{"href":"https:\/\/psicologia.maz.uas.edu.mx\/index.php\/wp-json\/wp\/v2\/pages"}],"about":[{"href":"https:\/\/psicologia.maz.uas.edu.mx\/index.php\/wp-json\/wp\/v2\/types\/page"}],"author":[{"embeddable":true,"href":"https:\/\/psicologia.maz.uas.edu.mx\/index.php\/wp-json\/wp\/v2\/users\/1"}],"replies":[{"embeddable":true,"href":"https:\/\/psicologia.maz.uas.edu.mx\/index.php\/wp-json\/wp\/v2\/comments?post=42"}],"version-history":[{"count":0,"href":"https:\/\/psicologia.maz.uas.edu.mx\/index.php\/wp-json\/wp\/v2\/pages\/42\/revisions"}],"wp:attachment":[{"href":"https:\/\/psicologia.maz.uas.edu.mx\/index.php\/wp-json\/wp\/v2\/media?parent=42"}],"curies":[{"name":"wp","href":"https:\/\/api.w.org\/{rel}","templated":true}]}}