{"id":61,"date":"2020-02-28T18:39:44","date_gmt":"2020-02-28T18:39:44","guid":{"rendered":"http:\/\/psicologia.maz.uasnet.mx\/?page_id=61"},"modified":"2020-08-13T00:20:09","modified_gmt":"2020-08-13T00:20:09","slug":"secretaria-academica","status":"publish","type":"page","link":"https:\/\/psicologia.maz.uas.edu.mx\/index.php\/secretaria-academica\/","title":{"rendered":"Secretar\u00eda Acad\u00e9mica"},"content":{"rendered":"\r\n<p style=\"text-align: justify;\">Tiene como funciones el coordinar la actualizaci\u00f3n de los programas, el&nbsp;&nbsp; dise\u00f1o de proyectos acad\u00e9micos, elaborar la carga acad\u00e9mica semestral, promover cursos de actualizaci\u00f3n pedag\u00f3gica y disciplinar, adem\u00e1s de impulsar la suscripci\u00f3n de convenios de colaboraci\u00f3n y&nbsp; fungir como Secretario del H. Consejo T\u00e9cnico, en estricto apego a la legislaci\u00f3n universitaria y a la planeaci\u00f3n estrat\u00e9gica de la Unidad Acad\u00e9mica.<\/p>\r\n","protected":false},"excerpt":{"rendered":"<p>Tiene como funciones el coordinar la actualizaci\u00f3n de los programas, el&nbsp;&nbsp; dise\u00f1o de proyectos acad\u00e9micos, elaborar la carga acad\u00e9mica semestral, promover cursos de actualizaci\u00f3n pedag\u00f3gica y disciplinar, adem\u00e1s de impulsar la suscripci\u00f3n de convenios de colaboraci\u00f3n y&nbsp; fungir como Secretario del H. Consejo T\u00e9cnico, en estricto apego a la legislaci\u00f3n universitaria y a la planeaci\u00f3n [&hellip;]<\/p>\n","protected":false},"author":1,"featured_media":0,"parent":0,"menu_order":0,"comment_status":"closed","ping_status":"closed","template":"","meta":{"ngg_post_thumbnail":0,"footnotes":""},"class_list":["post-61","page","type-page","status-publish","hentry"],"rttpg_featured_image_url":null,"rttpg_author":{"display_name":"Hugo Malcampo Bernal","author_link":"https:\/\/psicologia.maz.uas.edu.mx\/index.php\/author\/admin\/"},"rttpg_comment":0,"rttpg_category":null,"rttpg_excerpt":"Tiene como funciones el coordinar la actualizaci\u00f3n de los programas, el&nbsp;&nbsp; dise\u00f1o de proyectos acad\u00e9micos, elaborar la carga acad\u00e9mica semestral, promover cursos de actualizaci\u00f3n pedag\u00f3gica y disciplinar, adem\u00e1s de impulsar la suscripci\u00f3n de convenios de colaboraci\u00f3n y&nbsp; fungir como Secretario del H. Consejo T\u00e9cnico, en estricto apego a la legislaci\u00f3n universitaria y a la planeaci\u00f3n&hellip;","_links":{"self":[{"href":"https:\/\/psicologia.maz.uas.edu.mx\/index.php\/wp-json\/wp\/v2\/pages\/61","targetHints":{"allow":["GET"]}}],"collection":[{"href":"https:\/\/psicologia.maz.uas.edu.mx\/index.php\/wp-json\/wp\/v2\/pages"}],"about":[{"href":"https:\/\/psicologia.maz.uas.edu.mx\/index.php\/wp-json\/wp\/v2\/types\/page"}],"author":[{"embeddable":true,"href":"https:\/\/psicologia.maz.uas.edu.mx\/index.php\/wp-json\/wp\/v2\/users\/1"}],"replies":[{"embeddable":true,"href":"https:\/\/psicologia.maz.uas.edu.mx\/index.php\/wp-json\/wp\/v2\/comments?post=61"}],"version-history":[{"count":0,"href":"https:\/\/psicologia.maz.uas.edu.mx\/index.php\/wp-json\/wp\/v2\/pages\/61\/revisions"}],"wp:attachment":[{"href":"https:\/\/psicologia.maz.uas.edu.mx\/index.php\/wp-json\/wp\/v2\/media?parent=61"}],"curies":[{"name":"wp","href":"https:\/\/api.w.org\/{rel}","templated":true}]}}