{"id":63,"date":"2020-02-28T18:40:20","date_gmt":"2020-02-28T18:40:20","guid":{"rendered":"http:\/\/psicologia.maz.uasnet.mx\/?page_id=63"},"modified":"2020-08-13T00:15:11","modified_gmt":"2020-08-13T00:15:11","slug":"secretaria-administrativa","status":"publish","type":"page","link":"https:\/\/psicologia.maz.uas.edu.mx\/index.php\/secretaria-administrativa\/","title":{"rendered":"Secretar\u00eda Administrativa"},"content":{"rendered":"\r\n<p style=\"text-align: justify;\">Es el \u00e1rea encargada de vigilar el buen estado, funcionamiento y condiciones generales de la Unidad Acad\u00e9mica, controlar el uso eficaz y eficiente de los recursos materiales, t\u00e9cnicos y financieros, supervisar las funciones del personal acad\u00e9mico y administrativo, as\u00ed como atender y resolver problemas que afecten el buen desempe\u00f1o administrativo, logrando la interacci\u00f3n de los recursos humanos para el \u00f3ptimo funcionamiento de la UAPM.<\/p>\r\n","protected":false},"excerpt":{"rendered":"<p>Es el \u00e1rea encargada de vigilar el buen estado, funcionamiento y condiciones generales de la Unidad Acad\u00e9mica, controlar el uso eficaz y eficiente de los recursos materiales, t\u00e9cnicos y financieros, supervisar las funciones del personal acad\u00e9mico y administrativo, as\u00ed como atender y resolver problemas que afecten el buen desempe\u00f1o administrativo, logrando la interacci\u00f3n de los [&hellip;]<\/p>\n","protected":false},"author":1,"featured_media":0,"parent":0,"menu_order":0,"comment_status":"closed","ping_status":"closed","template":"","meta":{"ngg_post_thumbnail":0,"footnotes":""},"class_list":["post-63","page","type-page","status-publish","hentry"],"rttpg_featured_image_url":null,"rttpg_author":{"display_name":"Hugo Malcampo Bernal","author_link":"https:\/\/psicologia.maz.uas.edu.mx\/index.php\/author\/admin\/"},"rttpg_comment":0,"rttpg_category":null,"rttpg_excerpt":"Es el \u00e1rea encargada de vigilar el buen estado, funcionamiento y condiciones generales de la Unidad Acad\u00e9mica, controlar el uso eficaz y eficiente de los recursos materiales, t\u00e9cnicos y financieros, supervisar las funciones del personal acad\u00e9mico y administrativo, as\u00ed como atender y resolver problemas que afecten el buen desempe\u00f1o administrativo, logrando la interacci\u00f3n de los&hellip;","_links":{"self":[{"href":"https:\/\/psicologia.maz.uas.edu.mx\/index.php\/wp-json\/wp\/v2\/pages\/63","targetHints":{"allow":["GET"]}}],"collection":[{"href":"https:\/\/psicologia.maz.uas.edu.mx\/index.php\/wp-json\/wp\/v2\/pages"}],"about":[{"href":"https:\/\/psicologia.maz.uas.edu.mx\/index.php\/wp-json\/wp\/v2\/types\/page"}],"author":[{"embeddable":true,"href":"https:\/\/psicologia.maz.uas.edu.mx\/index.php\/wp-json\/wp\/v2\/users\/1"}],"replies":[{"embeddable":true,"href":"https:\/\/psicologia.maz.uas.edu.mx\/index.php\/wp-json\/wp\/v2\/comments?post=63"}],"version-history":[{"count":0,"href":"https:\/\/psicologia.maz.uas.edu.mx\/index.php\/wp-json\/wp\/v2\/pages\/63\/revisions"}],"wp:attachment":[{"href":"https:\/\/psicologia.maz.uas.edu.mx\/index.php\/wp-json\/wp\/v2\/media?parent=63"}],"curies":[{"name":"wp","href":"https:\/\/api.w.org\/{rel}","templated":true}]}}