{"id":65,"date":"2020-02-28T18:41:50","date_gmt":"2020-02-28T18:41:50","guid":{"rendered":"http:\/\/psicologia.maz.uasnet.mx\/?page_id=65"},"modified":"2020-08-15T15:18:14","modified_gmt":"2020-08-15T15:18:14","slug":"seguimiento-de-egresados","status":"publish","type":"page","link":"https:\/\/psicologia.maz.uas.edu.mx\/index.php\/seguimiento-de-egresados\/","title":{"rendered":"Seguimiento de Egresados"},"content":{"rendered":"<hr>\r\n<p><strong><em>Programa de Seguimiento a Egresados<\/em><\/strong><\/p>\r\n\r\n\r\n\r\n<blockquote>\r\n<p style=\"text-align: justify;\">El Programa de Seguimiento a Egresados de la Unidad Acad\u00e9mica de Psicolog\u00eda Mazatl\u00e1n &nbsp;de la UAS,&nbsp; tiene la finalidad de estrechar la vinculaci\u00f3n entre la esta UA y aquellos que se formaron en sus aulas; as\u00ed como buscar fortalecer la vinculaci\u00f3n UA-Egresado&nbsp; conservando siempre el contacto \u00e1gil y eficaz para mantenerlos con informaci\u00f3n de inter\u00e9s. Este es un programa que establece un sistema de informaci\u00f3n de datos relevantes, acad\u00e9micos y laborales, de los egresados. Se realiza mediante dos etapas: la primera es por medio de la aplicaci\u00f3n de una ficha de preegreso y la segunda con la aplicaci\u00f3n de la encuesta.<\/p>\r\n\r\n\r\n\r\n<p style=\"text-align: justify;\">Se considera a este tipo de estudios como una de las estrategias m\u00e1s adecuadas en la b\u00fasqueda de informaci\u00f3n acerca del impacto de la acci\u00f3n de las Instituciones de Educaci\u00f3n Superior, debido a que considera la posici\u00f3n y el desempe\u00f1o profesional en el mercado de trabajo como un aspecto central de la evaluaci\u00f3n de la calidad de los programas formativos y, por ende, de la instituci\u00f3n formadora.<\/p>\r\n\r\n\r\n\r\n<p style=\"text-align: justify;\"><a href=\"http:\/\/sau-enlinea.uas.edu.mx\/pienpso\/\" target=\"_blank\" rel=\"noreferrer noopener\" aria-label=\" (abre en una nueva pesta\u00f1a)\">http:\/\/sau-enlinea.uas.edu.mx\/pienpso\/<\/a><\/p>\r\n\r\n\r\n\r\n<p style=\"text-align: justify;\">&nbsp;<\/p>\r\n<\/blockquote>\r\n","protected":false},"excerpt":{"rendered":"<p>Programa de Seguimiento a Egresados El Programa de Seguimiento a Egresados de la Unidad Acad\u00e9mica de Psicolog\u00eda Mazatl\u00e1n &nbsp;de la UAS,&nbsp; tiene la finalidad de estrechar la vinculaci\u00f3n entre la esta UA y aquellos que se formaron en sus aulas; as\u00ed como buscar fortalecer la vinculaci\u00f3n UA-Egresado&nbsp; conservando siempre el contacto \u00e1gil y eficaz para [&hellip;]<\/p>\n","protected":false},"author":1,"featured_media":0,"parent":0,"menu_order":0,"comment_status":"closed","ping_status":"closed","template":"","meta":{"ngg_post_thumbnail":0,"footnotes":""},"class_list":["post-65","page","type-page","status-publish","hentry"],"rttpg_featured_image_url":null,"rttpg_author":{"display_name":"Hugo Malcampo Bernal","author_link":"https:\/\/psicologia.maz.uas.edu.mx\/index.php\/author\/admin\/"},"rttpg_comment":0,"rttpg_category":null,"rttpg_excerpt":"Programa de Seguimiento a Egresados El Programa de Seguimiento a Egresados de la Unidad Acad\u00e9mica de Psicolog\u00eda Mazatl\u00e1n &nbsp;de la UAS,&nbsp; tiene la finalidad de estrechar la vinculaci\u00f3n entre la esta UA y aquellos que se formaron en sus aulas; as\u00ed como buscar fortalecer la vinculaci\u00f3n UA-Egresado&nbsp; conservando siempre el contacto \u00e1gil y eficaz para&hellip;","_links":{"self":[{"href":"https:\/\/psicologia.maz.uas.edu.mx\/index.php\/wp-json\/wp\/v2\/pages\/65","targetHints":{"allow":["GET"]}}],"collection":[{"href":"https:\/\/psicologia.maz.uas.edu.mx\/index.php\/wp-json\/wp\/v2\/pages"}],"about":[{"href":"https:\/\/psicologia.maz.uas.edu.mx\/index.php\/wp-json\/wp\/v2\/types\/page"}],"author":[{"embeddable":true,"href":"https:\/\/psicologia.maz.uas.edu.mx\/index.php\/wp-json\/wp\/v2\/users\/1"}],"replies":[{"embeddable":true,"href":"https:\/\/psicologia.maz.uas.edu.mx\/index.php\/wp-json\/wp\/v2\/comments?post=65"}],"version-history":[{"count":0,"href":"https:\/\/psicologia.maz.uas.edu.mx\/index.php\/wp-json\/wp\/v2\/pages\/65\/revisions"}],"wp:attachment":[{"href":"https:\/\/psicologia.maz.uas.edu.mx\/index.php\/wp-json\/wp\/v2\/media?parent=65"}],"curies":[{"name":"wp","href":"https:\/\/api.w.org\/{rel}","templated":true}]}}