{"id":9,"date":"2020-02-27T18:28:47","date_gmt":"2020-02-27T18:28:47","guid":{"rendered":"http:\/\/psicologia.maz.uasnet.mx\/?page_id=9"},"modified":"2023-09-27T10:48:30","modified_gmt":"2023-09-27T17:48:30","slug":"historia","status":"publish","type":"page","link":"https:\/\/psicologia.maz.uas.edu.mx\/index.php\/historia\/","title":{"rendered":"Historia"},"content":{"rendered":"\r\n<div class=\"wp-block-group\">\r\n<div class=\"wp-block-group__inner-container is-layout-flow wp-block-group-is-layout-flow\">\r\n<p align=\"justify\">\u00a0<\/p>\r\n<p><img loading=\"lazy\" decoding=\"async\" class=\"alignnone size-full wp-image-1751 aligncenter\" src=\"https:\/\/psicologia.maz.uas.edu.mx\/wp-content\/uploads\/2023\/09\/historia.jpg\" alt=\"\" width=\"1022\" height=\"679\" srcset=\"https:\/\/psicologia.maz.uas.edu.mx\/wp-content\/uploads\/2023\/09\/historia.jpg 1022w, https:\/\/psicologia.maz.uas.edu.mx\/wp-content\/uploads\/2023\/09\/historia-300x199.jpg 300w, https:\/\/psicologia.maz.uas.edu.mx\/wp-content\/uploads\/2023\/09\/historia-768x510.jpg 768w\" sizes=\"auto, (max-width: 1022px) 100vw, 1022px\" \/><\/p>\r\n<hr \/><hr \/>\r\n<p align=\"justify\">La Facultad de Psicolog\u00eda Mazatl\u00e1n es una instituci\u00f3n educativa perteneciente a la Universidad Aut\u00f3noma de Sinaloa, surge como una extensi\u00f3n de la Facultad de Psicolog\u00eda en Culiac\u00e1n e inicia ofertando la Licenciatura en Psicolog\u00eda en la modalidad de semiescolarizada, iniciando ese Programa educativo, el 8 de Septiembre del 2001, bajo la direcci\u00f3n del Dr. V\u00edctor Santos Higuera Castro.<\/p>\r\n\r\n\r\n\r\n<p align=\"justify\">En el a\u00f1o 2011 se incluye la modalidad de escolarizada, siendo hasta el 10 de Julio del 2015 que el H. Consejo Universitario aprueba independizar la extensi\u00f3n de Psicolog\u00eda Mazatl\u00e1n de la Facultad de Psicolog\u00eda Culiac\u00e1n, para que opere formalmente como Unidad Acad\u00e9mica de\u00a0 ofreciendo sus servicios en el Campus de la Salud de Unidad Regional Sur, ubicada en Avenida eje 2-A y Malaqu\u00edas s\/n Pradera Dorada, Mazatl\u00e1n, esto a partir del 13 de Septiembre del 2016, d\u00eda que se hace la entrega formal de la infraestructura de la Unidad Acad\u00e9mica.<\/p>\r\n<\/div>\r\n<\/div>\r\n","protected":false},"excerpt":{"rendered":"<p>\u00a0 La Facultad de Psicolog\u00eda Mazatl\u00e1n es una instituci\u00f3n educativa perteneciente a la Universidad Aut\u00f3noma de Sinaloa, surge como una extensi\u00f3n de la Facultad de Psicolog\u00eda en Culiac\u00e1n e inicia ofertando la Licenciatura en Psicolog\u00eda en la modalidad de semiescolarizada, iniciando ese Programa educativo, el 8 de Septiembre del 2001, bajo la direcci\u00f3n del Dr. [&hellip;]<\/p>\n","protected":false},"author":1,"featured_media":0,"parent":0,"menu_order":0,"comment_status":"closed","ping_status":"closed","template":"","meta":{"ngg_post_thumbnail":0,"footnotes":""},"class_list":["post-9","page","type-page","status-publish","hentry"],"rttpg_featured_image_url":null,"rttpg_author":{"display_name":"Hugo Malcampo Bernal","author_link":"https:\/\/psicologia.maz.uas.edu.mx\/index.php\/author\/admin\/"},"rttpg_comment":0,"rttpg_category":null,"rttpg_excerpt":"\u00a0 La Facultad de Psicolog\u00eda Mazatl\u00e1n es una instituci\u00f3n educativa perteneciente a la Universidad Aut\u00f3noma de Sinaloa, surge como una extensi\u00f3n de la Facultad de Psicolog\u00eda en Culiac\u00e1n e inicia ofertando la Licenciatura en Psicolog\u00eda en la modalidad de semiescolarizada, iniciando ese Programa educativo, el 8 de Septiembre del 2001, bajo la direcci\u00f3n del Dr.&hellip;","_links":{"self":[{"href":"https:\/\/psicologia.maz.uas.edu.mx\/index.php\/wp-json\/wp\/v2\/pages\/9","targetHints":{"allow":["GET"]}}],"collection":[{"href":"https:\/\/psicologia.maz.uas.edu.mx\/index.php\/wp-json\/wp\/v2\/pages"}],"about":[{"href":"https:\/\/psicologia.maz.uas.edu.mx\/index.php\/wp-json\/wp\/v2\/types\/page"}],"author":[{"embeddable":true,"href":"https:\/\/psicologia.maz.uas.edu.mx\/index.php\/wp-json\/wp\/v2\/users\/1"}],"replies":[{"embeddable":true,"href":"https:\/\/psicologia.maz.uas.edu.mx\/index.php\/wp-json\/wp\/v2\/comments?post=9"}],"version-history":[{"count":2,"href":"https:\/\/psicologia.maz.uas.edu.mx\/index.php\/wp-json\/wp\/v2\/pages\/9\/revisions"}],"predecessor-version":[{"id":1750,"href":"https:\/\/psicologia.maz.uas.edu.mx\/index.php\/wp-json\/wp\/v2\/pages\/9\/revisions\/1750"}],"wp:attachment":[{"href":"https:\/\/psicologia.maz.uas.edu.mx\/index.php\/wp-json\/wp\/v2\/media?parent=9"}],"curies":[{"name":"wp","href":"https:\/\/api.w.org\/{rel}","templated":true}]}}