{"id":97,"date":"2020-03-03T17:24:53","date_gmt":"2020-03-03T17:24:53","guid":{"rendered":"http:\/\/psicologia.maz.uasnet.mx\/?page_id=97"},"modified":"2024-08-15T12:28:20","modified_gmt":"2024-08-15T19:28:20","slug":"aulas","status":"publish","type":"page","link":"https:\/\/psicologia.maz.uas.edu.mx\/index.php\/aulas\/","title":{"rendered":"Aulas"},"content":{"rendered":"<hr>\r\n<blockquote>\r\n<p style=\"text-align: justify;\">La UA actualmente cuenta con 9 Aulas, cada una de ellas cuenta con mobiliario suficiente para cubrir las necesidades de los alumnos(as) y maestros(as):<\/p>\r\n<\/blockquote>\r\n<ul>\r\n<li style=\"text-align: justify;\">\r\n<blockquote>Equipo audiovisual (ca\u00f1\u00f3n, bocinas amplificadas, computadora y pantalla de pared).<\/blockquote>\r\n<\/li>\r\n<li style=\"text-align: justify;\">\r\n<blockquote>2 Mini split.<\/blockquote>\r\n<\/li>\r\n<li style=\"text-align: justify;\">\r\n<blockquote>Pintarr\u00f3n.<\/blockquote>\r\n<\/li>\r\n<li style=\"text-align: justify;\">\r\n<blockquote>Adem\u00e1s de una iluminaci\u00f3n natural adecuada.<\/blockquote>\r\n<\/li>\r\n<\/ul>\r\n<hr>\r\n<p><\/p>\r\nngg_shortcode_0_placeholder","protected":false},"excerpt":{"rendered":"<p>La UA actualmente cuenta con 9 Aulas, cada una de ellas cuenta con mobiliario suficiente para cubrir las necesidades de los alumnos(as) y maestros(as): Equipo audiovisual (ca\u00f1\u00f3n, bocinas amplificadas, computadora y pantalla de pared). 2 Mini split. Pintarr\u00f3n. Adem\u00e1s de una iluminaci\u00f3n natural adecuada.<\/p>\n","protected":false},"author":1,"featured_media":0,"parent":0,"menu_order":0,"comment_status":"closed","ping_status":"closed","template":"","meta":{"ngg_post_thumbnail":0,"footnotes":""},"class_list":["post-97","page","type-page","status-publish","hentry"],"rttpg_featured_image_url":null,"rttpg_author":{"display_name":"Hugo Malcampo Bernal","author_link":"https:\/\/psicologia.maz.uas.edu.mx\/index.php\/author\/admin\/"},"rttpg_comment":0,"rttpg_category":null,"rttpg_excerpt":"La UA actualmente cuenta con 9 Aulas, cada una de ellas cuenta con mobiliario suficiente para cubrir las necesidades de los alumnos(as) y maestros(as): Equipo audiovisual (ca\u00f1\u00f3n, bocinas amplificadas, computadora y pantalla de pared). 2 Mini split. Pintarr\u00f3n. Adem\u00e1s de una iluminaci\u00f3n natural adecuada.","_links":{"self":[{"href":"https:\/\/psicologia.maz.uas.edu.mx\/index.php\/wp-json\/wp\/v2\/pages\/97","targetHints":{"allow":["GET"]}}],"collection":[{"href":"https:\/\/psicologia.maz.uas.edu.mx\/index.php\/wp-json\/wp\/v2\/pages"}],"about":[{"href":"https:\/\/psicologia.maz.uas.edu.mx\/index.php\/wp-json\/wp\/v2\/types\/page"}],"author":[{"embeddable":true,"href":"https:\/\/psicologia.maz.uas.edu.mx\/index.php\/wp-json\/wp\/v2\/users\/1"}],"replies":[{"embeddable":true,"href":"https:\/\/psicologia.maz.uas.edu.mx\/index.php\/wp-json\/wp\/v2\/comments?post=97"}],"version-history":[{"count":7,"href":"https:\/\/psicologia.maz.uas.edu.mx\/index.php\/wp-json\/wp\/v2\/pages\/97\/revisions"}],"predecessor-version":[{"id":1813,"href":"https:\/\/psicologia.maz.uas.edu.mx\/index.php\/wp-json\/wp\/v2\/pages\/97\/revisions\/1813"}],"wp:attachment":[{"href":"https:\/\/psicologia.maz.uas.edu.mx\/index.php\/wp-json\/wp\/v2\/media?parent=97"}],"curies":[{"name":"wp","href":"https:\/\/api.w.org\/{rel}","templated":true}]}}