{"id":99,"date":"2020-03-03T17:25:38","date_gmt":"2020-03-03T17:25:38","guid":{"rendered":"http:\/\/psicologia.maz.uasnet.mx\/?page_id=99"},"modified":"2024-08-15T12:29:22","modified_gmt":"2024-08-15T19:29:22","slug":"biblioteca","status":"publish","type":"page","link":"https:\/\/psicologia.maz.uas.edu.mx\/index.php\/biblioteca\/","title":{"rendered":"Biblioteca"},"content":{"rendered":"<hr>\r\n<p>Cuenta con<strong> 1500 vol\u00famenes,<\/strong>&nbsp;tambi\u00e9n cuenta con 4 computadoras, 1 para administraci\u00f3n y 3 para consulta de los acervos. Asimismo, cuenta una <strong>Sala de Lectura abierta con capacidad de 10 personas.<\/strong><\/p>\r\n<hr>\r\n<p>&nbsp;<\/p>\r\nngg_shortcode_0_placeholder\r\n","protected":false},"excerpt":{"rendered":"<p>Cuenta con 1500 vol\u00famenes,&nbsp;tambi\u00e9n cuenta con 4 computadoras, 1 para administraci\u00f3n y 3 para consulta de los acervos. Asimismo, cuenta una Sala de Lectura abierta con capacidad de 10 personas. &nbsp;<\/p>\n","protected":false},"author":1,"featured_media":0,"parent":0,"menu_order":0,"comment_status":"closed","ping_status":"closed","template":"","meta":{"ngg_post_thumbnail":0,"footnotes":""},"class_list":["post-99","page","type-page","status-publish","hentry"],"rttpg_featured_image_url":null,"rttpg_author":{"display_name":"Hugo Malcampo Bernal","author_link":"https:\/\/psicologia.maz.uas.edu.mx\/index.php\/author\/admin\/"},"rttpg_comment":0,"rttpg_category":null,"rttpg_excerpt":"Cuenta con 1500 vol\u00famenes,&nbsp;tambi\u00e9n cuenta con 4 computadoras, 1 para administraci\u00f3n y 3 para consulta de los acervos. Asimismo, cuenta una Sala de Lectura abierta con capacidad de 10 personas. &nbsp;","_links":{"self":[{"href":"https:\/\/psicologia.maz.uas.edu.mx\/index.php\/wp-json\/wp\/v2\/pages\/99","targetHints":{"allow":["GET"]}}],"collection":[{"href":"https:\/\/psicologia.maz.uas.edu.mx\/index.php\/wp-json\/wp\/v2\/pages"}],"about":[{"href":"https:\/\/psicologia.maz.uas.edu.mx\/index.php\/wp-json\/wp\/v2\/types\/page"}],"author":[{"embeddable":true,"href":"https:\/\/psicologia.maz.uas.edu.mx\/index.php\/wp-json\/wp\/v2\/users\/1"}],"replies":[{"embeddable":true,"href":"https:\/\/psicologia.maz.uas.edu.mx\/index.php\/wp-json\/wp\/v2\/comments?post=99"}],"version-history":[{"count":2,"href":"https:\/\/psicologia.maz.uas.edu.mx\/index.php\/wp-json\/wp\/v2\/pages\/99\/revisions"}],"predecessor-version":[{"id":1816,"href":"https:\/\/psicologia.maz.uas.edu.mx\/index.php\/wp-json\/wp\/v2\/pages\/99\/revisions\/1816"}],"wp:attachment":[{"href":"https:\/\/psicologia.maz.uas.edu.mx\/index.php\/wp-json\/wp\/v2\/media?parent=99"}],"curies":[{"name":"wp","href":"https:\/\/api.w.org\/{rel}","templated":true}]}}